{"id":6089,"date":"2026-02-10T12:05:36","date_gmt":"2026-02-10T17:05:36","guid":{"rendered":"https:\/\/marinedelivers.com\/?page_id=6089"},"modified":"2026-02-26T13:03:02","modified_gmt":"2026-02-26T18:03:02","slug":"carrieres","status":"publish","type":"page","link":"https:\/\/marinedelivers.com\/fr\/carrieres\/","title":{"rendered":"Carri\u00e8res"},"content":{"rendered":"\n<p>La main-d\u2019\u0153uvre maritime des r\u00e9gions des Grands Lacs\u2013voie maritime du Saint-Laurent, de l\u2019Arctique et des zones c\u00f4ti\u00e8res est essentielle aux \u00e9conomies, au commerce et \u00e0 la souverainet\u00e9 du Canada et des \u00c9tats-Unis, en permettant le transport efficace des biens et des marchandises le long de corridors cl\u00e9s. Ces travailleuses et travailleurs soutiennent des infrastructures essentielles, prot\u00e8gent les \u00e9cosyst\u00e8mes marins et assurent une navigation s\u00e9curitaire dans des environnements complexes et en \u00e9volution rapide.<\/p>\n\n\n\n<p>Les travailleuses et travailleurs maritimes sont hautement estim\u00e9s pour leurs comp\u00e9tences et leur d\u00e9vouement, et l\u2019industrie offre des carri\u00e8res enrichissantes avec une r\u00e9mun\u00e9ration concurrentielle, des possibilit\u00e9s de voyage et un fort sentiment d\u2019utilit\u00e9 en contribuant aux int\u00e9r\u00eats nationaux et \u00e0 la protection de l\u2019environnement.<\/p>\n\n\n\n<h3 class=\"wp-block-heading\">Carri\u00e8res maritimes<\/h3>\n\n\n\n<p>L\u2019industrie maritime va bien au-del\u00e0 de la vie en mer et offre des carri\u00e8res en navigation, en g\u00e9nie, en logistique, en recherche et en soutien \u00e0 terre. C\u2019est un secteur o\u00f9 des personnes aux talents et aux ambitions vari\u00e9s peuvent b\u00e2tir des carri\u00e8res enrichissantes.<\/p>\n\n\n\n<p>Saviez-vous qu\u2019en 2022, le transport maritime sur le r\u00e9seau des <a href=\"https:\/\/marinedelivers.com\/fr\/etude-economique-de-martin-associates-de-2022\/\" target=\"_blank\" rel=\"noreferrer noopener\">Grands Lacs\u2013voie maritime du Saint-Laurent a soutenu pr\u00e8s de 360 000 emplois<\/a>? C\u2019est plus du double de la population de l\u2019\u00cele-du-Prince-\u00c9douard!<\/p>\n\n\n\n<div class=\"wp-block-columns is-layout-flex wp-container-core-columns-is-layout-9d6595d7 wp-block-columns-is-layout-flex\">\n<div class=\"wp-block-column is-layout-flow wp-block-column-is-layout-flow\">\n<div class=\"wp-block-buttons is-layout-flex wp-block-buttons-is-layout-flex\">\n<div class=\"wp-block-button\"><a class=\"wp-block-button__link wp-element-button\" href=\"https:\/\/marinedelivers.com\/fr\/carrieres-maritimes-canadiennes\/\" target=\"_blank\" rel=\"noreferrer noopener\">D\u00e9couvrez les carri\u00e8res maritimes au Canada<\/a><\/div>\n<\/div>\n<\/div>\n\n\n\n<div class=\"wp-block-column is-layout-flow wp-block-column-is-layout-flow\">\n<div class=\"wp-block-buttons is-layout-flex wp-block-buttons-is-layout-flex\">\n<div class=\"wp-block-button\"><a class=\"wp-block-button__link wp-element-button\" href=\"https:\/\/marinedelivers.com\/american-marine-careers\/\" target=\"_blank\" rel=\"noreferrer noopener\">D\u00e9couvrez les carri\u00e8res maritimes aux \u00c9tats-Unis<\/a><\/div>\n<\/div>\n<\/div>\n<\/div>\n\n\n\n<div class=\"wp-block-columns is-layout-flex wp-container-core-columns-is-layout-9d6595d7 wp-block-columns-is-layout-flex\">\n<div class=\"wp-block-column is-layout-flow wp-block-column-is-layout-flow\">\n<figure class=\"wp-block-image size-large is-resized\"><img loading=\"lazy\" decoding=\"async\" width=\"1024\" height=\"511\" src=\"https:\/\/marinedelivers.com\/wp-content\/uploads\/2026\/02\/Canadian-Flag-1024x511.png\" alt=\"\" class=\"wp-image-6044\" style=\"aspect-ratio:2.004063583124178;width:63px;height:auto\" srcset=\"https:\/\/marinedelivers.com\/wp-content\/uploads\/2026\/02\/Canadian-Flag-1024x511.png 1024w, https:\/\/marinedelivers.com\/wp-content\/uploads\/2026\/02\/Canadian-Flag-300x150.png 300w, https:\/\/marinedelivers.com\/wp-content\/uploads\/2026\/02\/Canadian-Flag-768x383.png 768w, https:\/\/marinedelivers.com\/wp-content\/uploads\/2026\/02\/Canadian-Flag-1536x766.png 1536w, https:\/\/marinedelivers.com\/wp-content\/uploads\/2026\/02\/Canadian-Flag-2048x1022.png 2048w\" sizes=\"auto, (max-width: 1024px) 100vw, 1024px\" \/><\/figure>\n<\/div>\n\n\n\n<div class=\"wp-block-column is-layout-flow wp-block-column-is-layout-flow\">\n<figure class=\"wp-block-image size-large is-resized\"><img loading=\"lazy\" decoding=\"async\" width=\"1024\" height=\"511\" src=\"https:\/\/marinedelivers.com\/wp-content\/uploads\/2026\/02\/American-Flag-1024x511.png\" alt=\"\" class=\"wp-image-6046\" style=\"aspect-ratio:2.004063583124178;width:63px;height:auto\" srcset=\"https:\/\/marinedelivers.com\/wp-content\/uploads\/2026\/02\/American-Flag-1024x511.png 1024w, https:\/\/marinedelivers.com\/wp-content\/uploads\/2026\/02\/American-Flag-300x150.png 300w, https:\/\/marinedelivers.com\/wp-content\/uploads\/2026\/02\/American-Flag-768x383.png 768w, https:\/\/marinedelivers.com\/wp-content\/uploads\/2026\/02\/American-Flag.png 1272w\" sizes=\"auto, (max-width: 1024px) 100vw, 1024px\" \/><\/figure>\n<\/div>\n<\/div>\n\n\n\n<h3 class=\"wp-block-heading\">\u00c9ducation maritime<\/h3>\n\n\n\n<p>Les \u00e9tablissements d\u2019enseignement maritime au Canada et aux \u00c9tats-Unis offrent une formation sp\u00e9cialis\u00e9e pour des carri\u00e8res en transport maritime, en g\u00e9nie et dans des domaines connexes. Ces institutions combinent l\u2019apprentissage en classe et la formation pratique afin de pr\u00e9parer les \u00e9tudiantes et \u00e9tudiants au travail en mer et dans les secteurs maritimes \u00e0 terre. D\u00e9couvrez les possibilit\u00e9s de formation maritime ci-dessous.<\/p>\n\n\n\n<div class=\"wp-block-columns is-layout-flex wp-container-core-columns-is-layout-9d6595d7 wp-block-columns-is-layout-flex\">\n<div class=\"wp-block-column is-layout-flow wp-block-column-is-layout-flow\">\n<div class=\"wp-block-buttons is-layout-flex wp-block-buttons-is-layout-flex\">\n<div class=\"wp-block-button\"><a class=\"wp-block-button__link wp-element-button\" href=\"https:\/\/marinedelivers.com\/fr\/carrieres-maritimes-canadiennes\/\" target=\"_blank\" rel=\"noreferrer noopener\">D\u00e9couvrez les \u00e9coles maritimes canadiennes<\/a><\/div>\n<\/div>\n<\/div>\n\n\n\n<div class=\"wp-block-column is-layout-flow wp-block-column-is-layout-flow\">\n<div class=\"wp-block-buttons is-layout-flex wp-block-buttons-is-layout-flex\">\n<div class=\"wp-block-button\"><a class=\"wp-block-button__link wp-element-button\" href=\"https:\/\/marinedelivers.com\/american-marine-careers\/\" target=\"_blank\" rel=\"noreferrer noopener\">D\u00e9couvrez les \u00e9coles maritimes am\u00e9ricaines<\/a><\/div>\n<\/div>\n<\/div>\n<\/div>\n\n\n\n<div class=\"wp-block-columns is-layout-flex wp-container-core-columns-is-layout-9d6595d7 wp-block-columns-is-layout-flex\">\n<div class=\"wp-block-column is-layout-flow wp-block-column-is-layout-flow\">\n<figure class=\"wp-block-image size-large is-resized\"><img loading=\"lazy\" decoding=\"async\" width=\"1024\" height=\"511\" src=\"https:\/\/marinedelivers.com\/wp-content\/uploads\/2026\/02\/Canadian-Flag-1024x511.png\" alt=\"\" class=\"wp-image-6044\" style=\"aspect-ratio:2.004063583124178;width:63px;height:auto\" srcset=\"https:\/\/marinedelivers.com\/wp-content\/uploads\/2026\/02\/Canadian-Flag-1024x511.png 1024w, https:\/\/marinedelivers.com\/wp-content\/uploads\/2026\/02\/Canadian-Flag-300x150.png 300w, https:\/\/marinedelivers.com\/wp-content\/uploads\/2026\/02\/Canadian-Flag-768x383.png 768w, https:\/\/marinedelivers.com\/wp-content\/uploads\/2026\/02\/Canadian-Flag-1536x766.png 1536w, https:\/\/marinedelivers.com\/wp-content\/uploads\/2026\/02\/Canadian-Flag-2048x1022.png 2048w\" sizes=\"auto, (max-width: 1024px) 100vw, 1024px\" \/><\/figure>\n<\/div>\n\n\n\n<div class=\"wp-block-column is-layout-flow wp-block-column-is-layout-flow\">\n<figure class=\"wp-block-image size-large is-resized\"><img loading=\"lazy\" decoding=\"async\" width=\"1024\" height=\"511\" src=\"https:\/\/marinedelivers.com\/wp-content\/uploads\/2026\/02\/American-Flag-1024x511.png\" alt=\"\" class=\"wp-image-6046\" style=\"aspect-ratio:2.004063583124178;width:63px;height:auto\" srcset=\"https:\/\/marinedelivers.com\/wp-content\/uploads\/2026\/02\/American-Flag-1024x511.png 1024w, https:\/\/marinedelivers.com\/wp-content\/uploads\/2026\/02\/American-Flag-300x150.png 300w, https:\/\/marinedelivers.com\/wp-content\/uploads\/2026\/02\/American-Flag-768x383.png 768w, https:\/\/marinedelivers.com\/wp-content\/uploads\/2026\/02\/American-Flag.png 1272w\" sizes=\"auto, (max-width: 1024px) 100vw, 1024px\" \/><\/figure>\n<\/div>\n<\/div>\n\n\n\n<div style=\"height:14px\" aria-hidden=\"true\" class=\"wp-block-spacer\"><\/div>\n\n\n\n<div class=\"wp-block-columns is-layout-flex wp-container-core-columns-is-layout-9d6595d7 wp-block-columns-is-layout-flex\">\n<div class=\"wp-block-column is-layout-flow wp-block-column-is-layout-flow\">\n<figure class=\"wp-block-image size-full\"><img loading=\"lazy\" decoding=\"async\" width=\"757\" height=\"757\" src=\"https:\/\/marinedelivers.com\/wp-content\/uploads\/2026\/02\/Duluth-Seaway-Port-Authority-1-edited.png\" alt=\"\" class=\"wp-image-6082\" srcset=\"https:\/\/marinedelivers.com\/wp-content\/uploads\/2026\/02\/Duluth-Seaway-Port-Authority-1-edited.png 757w, https:\/\/marinedelivers.com\/wp-content\/uploads\/2026\/02\/Duluth-Seaway-Port-Authority-1-edited-300x300.png 300w, https:\/\/marinedelivers.com\/wp-content\/uploads\/2026\/02\/Duluth-Seaway-Port-Authority-1-edited-150x150.png 150w\" sizes=\"auto, (max-width: 757px) 100vw, 757px\" \/><\/figure>\n<\/div>\n\n\n\n<div class=\"wp-block-column is-layout-flow wp-block-column-is-layout-flow\">\n<figure class=\"wp-block-image size-large\"><img loading=\"lazy\" decoding=\"async\" width=\"1023\" height=\"1023\" src=\"https:\/\/marinedelivers.com\/wp-content\/uploads\/2026\/02\/Algoma-Intrepid-1536x1023-2-edited.jpg\" alt=\"\" class=\"wp-image-5813\" srcset=\"https:\/\/marinedelivers.com\/wp-content\/uploads\/2026\/02\/Algoma-Intrepid-1536x1023-2-edited.jpg 1023w, https:\/\/marinedelivers.com\/wp-content\/uploads\/2026\/02\/Algoma-Intrepid-1536x1023-2-edited-300x300.jpg 300w, https:\/\/marinedelivers.com\/wp-content\/uploads\/2026\/02\/Algoma-Intrepid-1536x1023-2-edited-150x150.jpg 150w, https:\/\/marinedelivers.com\/wp-content\/uploads\/2026\/02\/Algoma-Intrepid-1536x1023-2-edited-768x768.jpg 768w\" sizes=\"auto, (max-width: 1023px) 100vw, 1023px\" \/><\/figure>\n<\/div>\n\n\n\n<div class=\"wp-block-column is-layout-flow wp-block-column-is-layout-flow\">\n<figure class=\"wp-block-image size-large\"><img loading=\"lazy\" decoding=\"async\" width=\"1025\" height=\"1024\" src=\"https:\/\/marinedelivers.com\/wp-content\/uploads\/2026\/02\/190715_CSL_ThunderBay_0339-1536x1024-1-edited.jpg\" alt=\"\" class=\"wp-image-5768\" srcset=\"https:\/\/marinedelivers.com\/wp-content\/uploads\/2026\/02\/190715_CSL_ThunderBay_0339-1536x1024-1-edited.jpg 1025w, https:\/\/marinedelivers.com\/wp-content\/uploads\/2026\/02\/190715_CSL_ThunderBay_0339-1536x1024-1-edited-300x300.jpg 300w, https:\/\/marinedelivers.com\/wp-content\/uploads\/2026\/02\/190715_CSL_ThunderBay_0339-1536x1024-1-edited-150x150.jpg 150w, https:\/\/marinedelivers.com\/wp-content\/uploads\/2026\/02\/190715_CSL_ThunderBay_0339-1536x1024-1-edited-768x767.jpg 768w\" sizes=\"auto, (max-width: 1025px) 100vw, 1025px\" \/><\/figure>\n<\/div>\n<\/div>\n","protected":false},"excerpt":{"rendered":"<p>La main-d\u2019\u0153uvre maritime des r\u00e9gions des Grands Lacs\u2013voie maritime du&#8230;<\/p>\n","protected":false},"author":4,"featured_media":5767,"parent":0,"menu_order":0,"comment_status":"closed","ping_status":"closed","template":"","meta":{"_acf_changed":false,"footnotes":""},"class_list":["post-6089","page","type-page","status-publish","has-post-thumbnail","hentry"],"acf":{"title_subheading":"","title_content":"","title_button":""},"yoast_head":"<!-- This site is optimized with the Yoast SEO plugin v27.3 - https:\/\/yoast.com\/product\/yoast-seo-wordpress\/ -->\n<title>Carri\u00e8res - Chambre de Commerce Maritime<\/title>\n<meta name=\"robots\" content=\"index, follow, max-snippet:-1, max-image-preview:large, max-video-preview:-1\" \/>\n<link rel=\"canonical\" href=\"https:\/\/marinedelivers.com\/fr\/carrieres\/\" \/>\n<meta property=\"og:locale\" content=\"fr_FR\" \/>\n<meta property=\"og:type\" content=\"article\" \/>\n<meta property=\"og:title\" content=\"Carri\u00e8res - Chambre de Commerce Maritime\" \/>\n<meta property=\"og:description\" content=\"La main-d\u2019\u0153uvre maritime des r\u00e9gions des Grands Lacs\u2013voie maritime du...\" \/>\n<meta property=\"og:url\" content=\"https:\/\/marinedelivers.com\/fr\/carrieres\/\" \/>\n<meta property=\"og:site_name\" content=\"Chambre de Commerce Maritime\" \/>\n<meta property=\"article:publisher\" content=\"https:\/\/www.facebook.com\/MarineDelivers\/\" \/>\n<meta property=\"article:modified_time\" content=\"2026-02-26T18:03:02+00:00\" \/>\n<meta property=\"og:image\" content=\"https:\/\/marinedelivers.com\/wp-content\/uploads\/2026\/02\/CSL-Employees-e1772122909783.jpg\" \/>\n\t<meta property=\"og:image:width\" content=\"1200\" \/>\n\t<meta property=\"og:image:height\" content=\"900\" \/>\n\t<meta property=\"og:image:type\" content=\"image\/jpeg\" \/>\n<meta name=\"twitter:card\" content=\"summary_large_image\" \/>\n<meta name=\"twitter:site\" content=\"@marinedelivers\" \/>\n<meta name=\"twitter:label1\" content=\"Dur\u00e9e de lecture estim\u00e9e\" \/>\n\t<meta name=\"twitter:data1\" content=\"3 minutes\" \/>\n<script type=\"application\/ld+json\" class=\"yoast-schema-graph\">{\"@context\":\"https:\\\/\\\/schema.org\",\"@graph\":[{\"@type\":\"WebPage\",\"@id\":\"https:\\\/\\\/marinedelivers.com\\\/fr\\\/carrieres\\\/\",\"url\":\"https:\\\/\\\/marinedelivers.com\\\/fr\\\/carrieres\\\/\",\"name\":\"Carri\u00e8res - Chambre de Commerce Maritime\",\"isPartOf\":{\"@id\":\"https:\\\/\\\/marinedelivers.com\\\/fr\\\/#website\"},\"primaryImageOfPage\":{\"@id\":\"https:\\\/\\\/marinedelivers.com\\\/fr\\\/carrieres\\\/#primaryimage\"},\"image\":{\"@id\":\"https:\\\/\\\/marinedelivers.com\\\/fr\\\/carrieres\\\/#primaryimage\"},\"thumbnailUrl\":\"https:\\\/\\\/marinedelivers.com\\\/wp-content\\\/uploads\\\/2026\\\/02\\\/CSL-Employees-e1772122909783.jpg\",\"datePublished\":\"2026-02-10T17:05:36+00:00\",\"dateModified\":\"2026-02-26T18:03:02+00:00\",\"breadcrumb\":{\"@id\":\"https:\\\/\\\/marinedelivers.com\\\/fr\\\/carrieres\\\/#breadcrumb\"},\"inLanguage\":\"fr-FR\",\"potentialAction\":[{\"@type\":\"ReadAction\",\"target\":[\"https:\\\/\\\/marinedelivers.com\\\/fr\\\/carrieres\\\/\"]}]},{\"@type\":\"ImageObject\",\"inLanguage\":\"fr-FR\",\"@id\":\"https:\\\/\\\/marinedelivers.com\\\/fr\\\/carrieres\\\/#primaryimage\",\"url\":\"https:\\\/\\\/marinedelivers.com\\\/wp-content\\\/uploads\\\/2026\\\/02\\\/CSL-Employees-e1772122909783.jpg\",\"contentUrl\":\"https:\\\/\\\/marinedelivers.com\\\/wp-content\\\/uploads\\\/2026\\\/02\\\/CSL-Employees-e1772122909783.jpg\",\"width\":1200,\"height\":900},{\"@type\":\"BreadcrumbList\",\"@id\":\"https:\\\/\\\/marinedelivers.com\\\/fr\\\/carrieres\\\/#breadcrumb\",\"itemListElement\":[{\"@type\":\"ListItem\",\"position\":1,\"name\":\"Home\",\"item\":\"https:\\\/\\\/marinedelivers.com\\\/fr\\\/\"},{\"@type\":\"ListItem\",\"position\":2,\"name\":\"Carri\u00e8res\"}]},{\"@type\":\"WebSite\",\"@id\":\"https:\\\/\\\/marinedelivers.com\\\/fr\\\/#website\",\"url\":\"https:\\\/\\\/marinedelivers.com\\\/fr\\\/\",\"name\":\"Chambre de Commerce Maritime\",\"description\":\"Marine delivers our exports to the world\",\"publisher\":{\"@id\":\"https:\\\/\\\/marinedelivers.com\\\/fr\\\/#organization\"},\"potentialAction\":[{\"@type\":\"SearchAction\",\"target\":{\"@type\":\"EntryPoint\",\"urlTemplate\":\"https:\\\/\\\/marinedelivers.com\\\/fr\\\/?s={search_term_string}\"},\"query-input\":{\"@type\":\"PropertyValueSpecification\",\"valueRequired\":true,\"valueName\":\"search_term_string\"}}],\"inLanguage\":\"fr-FR\"},{\"@type\":\"Organization\",\"@id\":\"https:\\\/\\\/marinedelivers.com\\\/fr\\\/#organization\",\"name\":\"Chamber of Marine Commerce\",\"url\":\"https:\\\/\\\/marinedelivers.com\\\/fr\\\/\",\"logo\":{\"@type\":\"ImageObject\",\"inLanguage\":\"fr-FR\",\"@id\":\"https:\\\/\\\/marinedelivers.com\\\/fr\\\/#\\\/schema\\\/logo\\\/image\\\/\",\"url\":\"http:\\\/\\\/marinedelivers.com\\\/wp-content\\\/uploads\\\/2023\\\/07\\\/cmc-logo.svg\",\"contentUrl\":\"http:\\\/\\\/marinedelivers.com\\\/wp-content\\\/uploads\\\/2023\\\/07\\\/cmc-logo.svg\",\"width\":1,\"height\":1,\"caption\":\"Chamber of Marine Commerce\"},\"image\":{\"@id\":\"https:\\\/\\\/marinedelivers.com\\\/fr\\\/#\\\/schema\\\/logo\\\/image\\\/\"},\"sameAs\":[\"https:\\\/\\\/www.facebook.com\\\/MarineDelivers\\\/\",\"https:\\\/\\\/x.com\\\/marinedelivers\"]}]}<\/script>\n<!-- \/ Yoast SEO plugin. -->","yoast_head_json":{"title":"Carri\u00e8res - Chambre de Commerce Maritime","robots":{"index":"index","follow":"follow","max-snippet":"max-snippet:-1","max-image-preview":"max-image-preview:large","max-video-preview":"max-video-preview:-1"},"canonical":"https:\/\/marinedelivers.com\/fr\/carrieres\/","og_locale":"fr_FR","og_type":"article","og_title":"Carri\u00e8res - Chambre de Commerce Maritime","og_description":"La main-d\u2019\u0153uvre maritime des r\u00e9gions des Grands Lacs\u2013voie maritime du...","og_url":"https:\/\/marinedelivers.com\/fr\/carrieres\/","og_site_name":"Chambre de Commerce Maritime","article_publisher":"https:\/\/www.facebook.com\/MarineDelivers\/","article_modified_time":"2026-02-26T18:03:02+00:00","og_image":[{"width":1200,"height":900,"url":"https:\/\/marinedelivers.com\/wp-content\/uploads\/2026\/02\/CSL-Employees-e1772122909783.jpg","type":"image\/jpeg"}],"twitter_card":"summary_large_image","twitter_site":"@marinedelivers","twitter_misc":{"Dur\u00e9e de lecture estim\u00e9e":"3 minutes"},"schema":{"@context":"https:\/\/schema.org","@graph":[{"@type":"WebPage","@id":"https:\/\/marinedelivers.com\/fr\/carrieres\/","url":"https:\/\/marinedelivers.com\/fr\/carrieres\/","name":"Carri\u00e8res - Chambre de Commerce Maritime","isPartOf":{"@id":"https:\/\/marinedelivers.com\/fr\/#website"},"primaryImageOfPage":{"@id":"https:\/\/marinedelivers.com\/fr\/carrieres\/#primaryimage"},"image":{"@id":"https:\/\/marinedelivers.com\/fr\/carrieres\/#primaryimage"},"thumbnailUrl":"https:\/\/marinedelivers.com\/wp-content\/uploads\/2026\/02\/CSL-Employees-e1772122909783.jpg","datePublished":"2026-02-10T17:05:36+00:00","dateModified":"2026-02-26T18:03:02+00:00","breadcrumb":{"@id":"https:\/\/marinedelivers.com\/fr\/carrieres\/#breadcrumb"},"inLanguage":"fr-FR","potentialAction":[{"@type":"ReadAction","target":["https:\/\/marinedelivers.com\/fr\/carrieres\/"]}]},{"@type":"ImageObject","inLanguage":"fr-FR","@id":"https:\/\/marinedelivers.com\/fr\/carrieres\/#primaryimage","url":"https:\/\/marinedelivers.com\/wp-content\/uploads\/2026\/02\/CSL-Employees-e1772122909783.jpg","contentUrl":"https:\/\/marinedelivers.com\/wp-content\/uploads\/2026\/02\/CSL-Employees-e1772122909783.jpg","width":1200,"height":900},{"@type":"BreadcrumbList","@id":"https:\/\/marinedelivers.com\/fr\/carrieres\/#breadcrumb","itemListElement":[{"@type":"ListItem","position":1,"name":"Home","item":"https:\/\/marinedelivers.com\/fr\/"},{"@type":"ListItem","position":2,"name":"Carri\u00e8res"}]},{"@type":"WebSite","@id":"https:\/\/marinedelivers.com\/fr\/#website","url":"https:\/\/marinedelivers.com\/fr\/","name":"Chambre de Commerce Maritime","description":"Marine delivers our exports to the world","publisher":{"@id":"https:\/\/marinedelivers.com\/fr\/#organization"},"potentialAction":[{"@type":"SearchAction","target":{"@type":"EntryPoint","urlTemplate":"https:\/\/marinedelivers.com\/fr\/?s={search_term_string}"},"query-input":{"@type":"PropertyValueSpecification","valueRequired":true,"valueName":"search_term_string"}}],"inLanguage":"fr-FR"},{"@type":"Organization","@id":"https:\/\/marinedelivers.com\/fr\/#organization","name":"Chamber of Marine Commerce","url":"https:\/\/marinedelivers.com\/fr\/","logo":{"@type":"ImageObject","inLanguage":"fr-FR","@id":"https:\/\/marinedelivers.com\/fr\/#\/schema\/logo\/image\/","url":"http:\/\/marinedelivers.com\/wp-content\/uploads\/2023\/07\/cmc-logo.svg","contentUrl":"http:\/\/marinedelivers.com\/wp-content\/uploads\/2023\/07\/cmc-logo.svg","width":1,"height":1,"caption":"Chamber of Marine Commerce"},"image":{"@id":"https:\/\/marinedelivers.com\/fr\/#\/schema\/logo\/image\/"},"sameAs":["https:\/\/www.facebook.com\/MarineDelivers\/","https:\/\/x.com\/marinedelivers"]}]}},"_links":{"self":[{"href":"https:\/\/marinedelivers.com\/fr\/wp-json\/wp\/v2\/pages\/6089","targetHints":{"allow":["GET"]}}],"collection":[{"href":"https:\/\/marinedelivers.com\/fr\/wp-json\/wp\/v2\/pages"}],"about":[{"href":"https:\/\/marinedelivers.com\/fr\/wp-json\/wp\/v2\/types\/page"}],"author":[{"embeddable":true,"href":"https:\/\/marinedelivers.com\/fr\/wp-json\/wp\/v2\/users\/4"}],"replies":[{"embeddable":true,"href":"https:\/\/marinedelivers.com\/fr\/wp-json\/wp\/v2\/comments?post=6089"}],"version-history":[{"count":4,"href":"https:\/\/marinedelivers.com\/fr\/wp-json\/wp\/v2\/pages\/6089\/revisions"}],"predecessor-version":[{"id":6110,"href":"https:\/\/marinedelivers.com\/fr\/wp-json\/wp\/v2\/pages\/6089\/revisions\/6110"}],"wp:featuredmedia":[{"embeddable":true,"href":"https:\/\/marinedelivers.com\/fr\/wp-json\/wp\/v2\/media\/5767"}],"wp:attachment":[{"href":"https:\/\/marinedelivers.com\/fr\/wp-json\/wp\/v2\/media?parent=6089"}],"curies":[{"name":"wp","href":"https:\/\/api.w.org\/{rel}","templated":true}]}}