{"id":4935,"date":"2025-04-25T11:39:46","date_gmt":"2025-04-25T15:39:46","guid":{"rendered":"https:\/\/marinedelivers.com\/?page_id=4935"},"modified":"2025-09-10T16:35:14","modified_gmt":"2025-09-10T20:35:14","slug":"publications-de-la-chambre-internationale-de-la-marine-marchande","status":"publish","type":"page","link":"https:\/\/marinedelivers.com\/fr\/publications-de-la-chambre-internationale-de-la-marine-marchande\/","title":{"rendered":"Publications de la Chambre internationale de la marine marchande"},"content":{"rendered":"\n<p>La Chambre de commerce maritime (CCM) encourage ses membres \u00e0 explorer et \u00e0 profiter des nombreuses publications importantes cr\u00e9\u00e9es par la <a href=\"https:\/\/www.ics-shipping.org\/\" target=\"_blank\" rel=\"noreferrer noopener\">Chambre internationale de la marine marchande<\/a>, qui offrent des conseils pratiques et \u00e0 jour, assurant ainsi que les \u00e9quipages et les entreprises disposent des outils et des connaissances les plus r\u00e9cents pour r\u00e9ussir. La CCM est un membre de longue date de la Chambre internationale de la marine marchande, et les deux organisations collaborent pour promouvoir les meilleures pratiques et le plaidoyer de l\u2019industrie.<\/p>\n\n\n\n<p><strong>Un message de la Chambre internationale de la marine marchande :<\/strong><\/p>\n\n\n\n<p>La Chambre internationale de la marine marchande est l\u2019association commerciale mondiale repr\u00e9sentant les associations nationales d\u2019armateurs d\u2019Asie, d\u2019Afrique, des Am\u00e9riques et d\u2019Europe, ainsi que plus de 80 % de la flotte marchande mondiale.<\/p>\n\n\n\n<p>Fond\u00e9e en 1921, la Chambre internationale de la marine marchande s\u2019int\u00e9resse \u00e0 tous les aspects des affaires maritimes, en particulier la s\u00e9curit\u00e9 maritime, la protection de l\u2019environnement, le droit maritime et les questions li\u00e9es \u00e0 l\u2019emploi. Elle b\u00e9n\u00e9ficie d\u2019un statut consultatif aupr\u00e8s de l\u2019Organisation maritime internationale et de l\u2019Organisation internationale du Travail des Nations Unies.<\/p>\n\n\n\n<p>Les Publications de la Chambre internationale de la marine marchande \u00e9laborent et promeuvent les meilleures pratiques et lignes directrices de l\u2019industrie du transport maritime par l\u2019interm\u00e9diaire d\u2019une vaste gamme de publications et de ressources gratuites utilis\u00e9es par les exploitants de navires partout dans le monde.<\/p>\n\n\n\n<p><strong><a href=\"https:\/\/www.ics-shipping.org\/publications\/products\/grid\" target=\"_blank\" rel=\"noreferrer noopener\">Publications maritimes de la Chambre internationale de la marine marchande<\/a> recommand\u00e9es par la CCM :<\/strong><\/p>\n\n\n\n<ul class=\"wp-block-list\">\n<li><a href=\"https:\/\/www.ics-shipping.org\/publications\/international-medical-guide-for-seafarers-and-fishers-first-edition\" target=\"_blank\" rel=\"noreferrer noopener\">Guide m\u00e9dical international pour les gens de mer et les p\u00eacheurs<\/a><\/li>\n\n\n\n<li><a href=\"https:\/\/www.ics-shipping.org\/publications\/international-medical-guide-for-seafarers-and-fishers-action-cards-first-edition\/?&amp;utm_source=c_email&amp;utm_medium=email&amp;utm_campaign=outnowprintrod&amp;utm_id=ActionCards1\" target=\"_blank\" rel=\"noreferrer noopener\">Guide m\u00e9dical international pour les gens de mer et les p\u00eacheurs \u2013 Cartes d\u2019action<\/a><\/li>\n<\/ul>\n\n\n\n<div class=\"wp-block-columns is-layout-flex wp-container-core-columns-is-layout-9d6595d7 wp-block-columns-is-layout-flex\">\n<div class=\"wp-block-column is-layout-flow wp-block-column-is-layout-flow\">\n<figure class=\"wp-block-image aligncenter size-large is-resized\"><img loading=\"lazy\" decoding=\"async\" width=\"724\" height=\"1024\" src=\"https:\/\/marinedelivers.com\/wp-content\/uploads\/2025\/04\/international_medical_guide_for_seafarers_and_fishers-first_edition-1-724x1024.webp\" alt=\"\" class=\"wp-image-4412\" style=\"width:211px;height:auto\" srcset=\"https:\/\/marinedelivers.com\/wp-content\/uploads\/2025\/04\/international_medical_guide_for_seafarers_and_fishers-first_edition-1-724x1024.webp 724w, https:\/\/marinedelivers.com\/wp-content\/uploads\/2025\/04\/international_medical_guide_for_seafarers_and_fishers-first_edition-1-212x300.webp 212w, https:\/\/marinedelivers.com\/wp-content\/uploads\/2025\/04\/international_medical_guide_for_seafarers_and_fishers-first_edition-1-768x1086.webp 768w, https:\/\/marinedelivers.com\/wp-content\/uploads\/2025\/04\/international_medical_guide_for_seafarers_and_fishers-first_edition-1.webp 1000w\" sizes=\"auto, (max-width: 724px) 100vw, 724px\" \/><\/figure>\n<\/div>\n\n\n\n<div class=\"wp-block-column is-layout-flow wp-block-column-is-layout-flow\">\n<figure class=\"wp-block-image aligncenter size-large\"><img loading=\"lazy\" decoding=\"async\" width=\"1024\" height=\"1024\" src=\"https:\/\/marinedelivers.com\/wp-content\/uploads\/2025\/04\/ICS-Action-Cards-2-1024x1024.png\" alt=\"\" class=\"wp-image-4419\" srcset=\"https:\/\/marinedelivers.com\/wp-content\/uploads\/2025\/04\/ICS-Action-Cards-2-1024x1024.png 1024w, https:\/\/marinedelivers.com\/wp-content\/uploads\/2025\/04\/ICS-Action-Cards-2-300x300.png 300w, https:\/\/marinedelivers.com\/wp-content\/uploads\/2025\/04\/ICS-Action-Cards-2-150x150.png 150w, https:\/\/marinedelivers.com\/wp-content\/uploads\/2025\/04\/ICS-Action-Cards-2-768x768.png 768w, https:\/\/marinedelivers.com\/wp-content\/uploads\/2025\/04\/ICS-Action-Cards-2-1536x1536.png 1536w, https:\/\/marinedelivers.com\/wp-content\/uploads\/2025\/04\/ICS-Action-Cards-2-2048x2048.png 2048w\" sizes=\"auto, (max-width: 1024px) 100vw, 1024px\" \/><\/figure>\n<\/div>\n\n\n\n<div class=\"wp-block-column is-layout-flow wp-block-column-is-layout-flow\">\n<figure class=\"wp-block-image aligncenter size-large is-resized\"><img loading=\"lazy\" decoding=\"async\" width=\"742\" height=\"1024\" src=\"https:\/\/marinedelivers.com\/wp-content\/uploads\/2025\/04\/Screenshot-2025-04-25-at-11.46.59\u202fAM-742x1024.png\" alt=\"\" class=\"wp-image-4422\" style=\"width:220px;height:auto\" srcset=\"https:\/\/marinedelivers.com\/wp-content\/uploads\/2025\/04\/Screenshot-2025-04-25-at-11.46.59\u202fAM-742x1024.png 742w, https:\/\/marinedelivers.com\/wp-content\/uploads\/2025\/04\/Screenshot-2025-04-25-at-11.46.59\u202fAM-218x300.png 218w, https:\/\/marinedelivers.com\/wp-content\/uploads\/2025\/04\/Screenshot-2025-04-25-at-11.46.59\u202fAM-768x1059.png 768w, https:\/\/marinedelivers.com\/wp-content\/uploads\/2025\/04\/Screenshot-2025-04-25-at-11.46.59\u202fAM.png 870w\" sizes=\"auto, (max-width: 742px) 100vw, 742px\" \/><\/figure>\n<\/div>\n<\/div>\n\n\n\n<div style=\"height:21px\" aria-hidden=\"true\" class=\"wp-block-spacer\"><\/div>\n\n\n\n<p>Rappel : les membres de la CCM b\u00e9n\u00e9ficient de rabais exclusifs sur les publications de la Chambre internationale de la marine marchande. Restez \u00e0 l\u2019aff\u00fbt des notifications aux membres concernant les nouvelles parutions !<\/p>\n","protected":false},"excerpt":{"rendered":"<p>La Chambre de commerce maritime (CCM) encourage ses membres \u00e0&#8230;<\/p>\n","protected":false},"author":4,"featured_media":0,"parent":0,"menu_order":0,"comment_status":"closed","ping_status":"closed","template":"","meta":{"_acf_changed":false,"footnotes":""},"class_list":["post-4935","page","type-page","status-publish","hentry"],"acf":{"title_subheading":"","title_content":"","title_button":""},"yoast_head":"<!-- This site is optimized with the Yoast SEO plugin v27.3 - https:\/\/yoast.com\/product\/yoast-seo-wordpress\/ -->\n<title>Publications de la Chambre internationale de la marine marchande - Chambre de Commerce Maritime<\/title>\n<meta name=\"robots\" content=\"index, follow, max-snippet:-1, max-image-preview:large, max-video-preview:-1\" \/>\n<link rel=\"canonical\" href=\"https:\/\/marinedelivers.com\/fr\/publications-de-la-chambre-internationale-de-la-marine-marchande\/\" \/>\n<meta property=\"og:locale\" content=\"fr_FR\" \/>\n<meta property=\"og:type\" content=\"article\" \/>\n<meta property=\"og:title\" content=\"Publications de la Chambre internationale de la marine marchande - Chambre de Commerce Maritime\" \/>\n<meta property=\"og:description\" content=\"La Chambre de commerce maritime (CCM) encourage ses membres \u00e0...\" \/>\n<meta property=\"og:url\" content=\"https:\/\/marinedelivers.com\/fr\/publications-de-la-chambre-internationale-de-la-marine-marchande\/\" \/>\n<meta property=\"og:site_name\" content=\"Chambre de Commerce Maritime\" \/>\n<meta property=\"article:publisher\" content=\"https:\/\/www.facebook.com\/MarineDelivers\/\" \/>\n<meta property=\"article:modified_time\" content=\"2025-09-10T20:35:14+00:00\" \/>\n<meta property=\"og:image\" content=\"https:\/\/marinedelivers.com\/wp-content\/uploads\/2025\/04\/international_medical_guide_for_seafarers_and_fishers-first_edition-1.webp\" \/>\n\t<meta property=\"og:image:width\" content=\"1000\" \/>\n\t<meta property=\"og:image:height\" content=\"1414\" \/>\n\t<meta property=\"og:image:type\" content=\"image\/webp\" \/>\n<meta name=\"twitter:card\" content=\"summary_large_image\" \/>\n<meta name=\"twitter:site\" content=\"@marinedelivers\" \/>\n<meta name=\"twitter:label1\" content=\"Dur\u00e9e de lecture estim\u00e9e\" \/>\n\t<meta name=\"twitter:data1\" content=\"2 minutes\" \/>\n<script type=\"application\/ld+json\" class=\"yoast-schema-graph\">{\"@context\":\"https:\\\/\\\/schema.org\",\"@graph\":[{\"@type\":\"WebPage\",\"@id\":\"https:\\\/\\\/marinedelivers.com\\\/fr\\\/publications-de-la-chambre-internationale-de-la-marine-marchande\\\/\",\"url\":\"https:\\\/\\\/marinedelivers.com\\\/fr\\\/publications-de-la-chambre-internationale-de-la-marine-marchande\\\/\",\"name\":\"Publications de la Chambre internationale de la marine marchande - Chambre de Commerce Maritime\",\"isPartOf\":{\"@id\":\"https:\\\/\\\/marinedelivers.com\\\/fr\\\/#website\"},\"primaryImageOfPage\":{\"@id\":\"https:\\\/\\\/marinedelivers.com\\\/fr\\\/publications-de-la-chambre-internationale-de-la-marine-marchande\\\/#primaryimage\"},\"image\":{\"@id\":\"https:\\\/\\\/marinedelivers.com\\\/fr\\\/publications-de-la-chambre-internationale-de-la-marine-marchande\\\/#primaryimage\"},\"thumbnailUrl\":\"https:\\\/\\\/marinedelivers.com\\\/wp-content\\\/uploads\\\/2025\\\/04\\\/international_medical_guide_for_seafarers_and_fishers-first_edition-1-724x1024.webp\",\"datePublished\":\"2025-04-25T15:39:46+00:00\",\"dateModified\":\"2025-09-10T20:35:14+00:00\",\"breadcrumb\":{\"@id\":\"https:\\\/\\\/marinedelivers.com\\\/fr\\\/publications-de-la-chambre-internationale-de-la-marine-marchande\\\/#breadcrumb\"},\"inLanguage\":\"fr-FR\",\"potentialAction\":[{\"@type\":\"ReadAction\",\"target\":[\"https:\\\/\\\/marinedelivers.com\\\/fr\\\/publications-de-la-chambre-internationale-de-la-marine-marchande\\\/\"]}]},{\"@type\":\"ImageObject\",\"inLanguage\":\"fr-FR\",\"@id\":\"https:\\\/\\\/marinedelivers.com\\\/fr\\\/publications-de-la-chambre-internationale-de-la-marine-marchande\\\/#primaryimage\",\"url\":\"https:\\\/\\\/marinedelivers.com\\\/wp-content\\\/uploads\\\/2025\\\/04\\\/international_medical_guide_for_seafarers_and_fishers-first_edition-1-724x1024.webp\",\"contentUrl\":\"https:\\\/\\\/marinedelivers.com\\\/wp-content\\\/uploads\\\/2025\\\/04\\\/international_medical_guide_for_seafarers_and_fishers-first_edition-1-724x1024.webp\"},{\"@type\":\"BreadcrumbList\",\"@id\":\"https:\\\/\\\/marinedelivers.com\\\/fr\\\/publications-de-la-chambre-internationale-de-la-marine-marchande\\\/#breadcrumb\",\"itemListElement\":[{\"@type\":\"ListItem\",\"position\":1,\"name\":\"Home\",\"item\":\"https:\\\/\\\/marinedelivers.com\\\/fr\\\/\"},{\"@type\":\"ListItem\",\"position\":2,\"name\":\"Publications de la Chambre internationale de la marine marchande\"}]},{\"@type\":\"WebSite\",\"@id\":\"https:\\\/\\\/marinedelivers.com\\\/fr\\\/#website\",\"url\":\"https:\\\/\\\/marinedelivers.com\\\/fr\\\/\",\"name\":\"Chambre de Commerce Maritime\",\"description\":\"Marine delivers our exports to the world\",\"publisher\":{\"@id\":\"https:\\\/\\\/marinedelivers.com\\\/fr\\\/#organization\"},\"potentialAction\":[{\"@type\":\"SearchAction\",\"target\":{\"@type\":\"EntryPoint\",\"urlTemplate\":\"https:\\\/\\\/marinedelivers.com\\\/fr\\\/?s={search_term_string}\"},\"query-input\":{\"@type\":\"PropertyValueSpecification\",\"valueRequired\":true,\"valueName\":\"search_term_string\"}}],\"inLanguage\":\"fr-FR\"},{\"@type\":\"Organization\",\"@id\":\"https:\\\/\\\/marinedelivers.com\\\/fr\\\/#organization\",\"name\":\"Chamber of Marine Commerce\",\"url\":\"https:\\\/\\\/marinedelivers.com\\\/fr\\\/\",\"logo\":{\"@type\":\"ImageObject\",\"inLanguage\":\"fr-FR\",\"@id\":\"https:\\\/\\\/marinedelivers.com\\\/fr\\\/#\\\/schema\\\/logo\\\/image\\\/\",\"url\":\"http:\\\/\\\/marinedelivers.com\\\/wp-content\\\/uploads\\\/2023\\\/07\\\/cmc-logo.svg\",\"contentUrl\":\"http:\\\/\\\/marinedelivers.com\\\/wp-content\\\/uploads\\\/2023\\\/07\\\/cmc-logo.svg\",\"width\":1,\"height\":1,\"caption\":\"Chamber of Marine Commerce\"},\"image\":{\"@id\":\"https:\\\/\\\/marinedelivers.com\\\/fr\\\/#\\\/schema\\\/logo\\\/image\\\/\"},\"sameAs\":[\"https:\\\/\\\/www.facebook.com\\\/MarineDelivers\\\/\",\"https:\\\/\\\/x.com\\\/marinedelivers\"]}]}<\/script>\n<!-- \/ Yoast SEO plugin. -->","yoast_head_json":{"title":"Publications de la Chambre internationale de la marine marchande - Chambre de Commerce Maritime","robots":{"index":"index","follow":"follow","max-snippet":"max-snippet:-1","max-image-preview":"max-image-preview:large","max-video-preview":"max-video-preview:-1"},"canonical":"https:\/\/marinedelivers.com\/fr\/publications-de-la-chambre-internationale-de-la-marine-marchande\/","og_locale":"fr_FR","og_type":"article","og_title":"Publications de la Chambre internationale de la marine marchande - Chambre de Commerce Maritime","og_description":"La Chambre de commerce maritime (CCM) encourage ses membres \u00e0...","og_url":"https:\/\/marinedelivers.com\/fr\/publications-de-la-chambre-internationale-de-la-marine-marchande\/","og_site_name":"Chambre de Commerce Maritime","article_publisher":"https:\/\/www.facebook.com\/MarineDelivers\/","article_modified_time":"2025-09-10T20:35:14+00:00","og_image":[{"width":1000,"height":1414,"url":"https:\/\/marinedelivers.com\/wp-content\/uploads\/2025\/04\/international_medical_guide_for_seafarers_and_fishers-first_edition-1.webp","type":"image\/webp"}],"twitter_card":"summary_large_image","twitter_site":"@marinedelivers","twitter_misc":{"Dur\u00e9e de lecture estim\u00e9e":"2 minutes"},"schema":{"@context":"https:\/\/schema.org","@graph":[{"@type":"WebPage","@id":"https:\/\/marinedelivers.com\/fr\/publications-de-la-chambre-internationale-de-la-marine-marchande\/","url":"https:\/\/marinedelivers.com\/fr\/publications-de-la-chambre-internationale-de-la-marine-marchande\/","name":"Publications de la Chambre internationale de la marine marchande - Chambre de Commerce Maritime","isPartOf":{"@id":"https:\/\/marinedelivers.com\/fr\/#website"},"primaryImageOfPage":{"@id":"https:\/\/marinedelivers.com\/fr\/publications-de-la-chambre-internationale-de-la-marine-marchande\/#primaryimage"},"image":{"@id":"https:\/\/marinedelivers.com\/fr\/publications-de-la-chambre-internationale-de-la-marine-marchande\/#primaryimage"},"thumbnailUrl":"https:\/\/marinedelivers.com\/wp-content\/uploads\/2025\/04\/international_medical_guide_for_seafarers_and_fishers-first_edition-1-724x1024.webp","datePublished":"2025-04-25T15:39:46+00:00","dateModified":"2025-09-10T20:35:14+00:00","breadcrumb":{"@id":"https:\/\/marinedelivers.com\/fr\/publications-de-la-chambre-internationale-de-la-marine-marchande\/#breadcrumb"},"inLanguage":"fr-FR","potentialAction":[{"@type":"ReadAction","target":["https:\/\/marinedelivers.com\/fr\/publications-de-la-chambre-internationale-de-la-marine-marchande\/"]}]},{"@type":"ImageObject","inLanguage":"fr-FR","@id":"https:\/\/marinedelivers.com\/fr\/publications-de-la-chambre-internationale-de-la-marine-marchande\/#primaryimage","url":"https:\/\/marinedelivers.com\/wp-content\/uploads\/2025\/04\/international_medical_guide_for_seafarers_and_fishers-first_edition-1-724x1024.webp","contentUrl":"https:\/\/marinedelivers.com\/wp-content\/uploads\/2025\/04\/international_medical_guide_for_seafarers_and_fishers-first_edition-1-724x1024.webp"},{"@type":"BreadcrumbList","@id":"https:\/\/marinedelivers.com\/fr\/publications-de-la-chambre-internationale-de-la-marine-marchande\/#breadcrumb","itemListElement":[{"@type":"ListItem","position":1,"name":"Home","item":"https:\/\/marinedelivers.com\/fr\/"},{"@type":"ListItem","position":2,"name":"Publications de la Chambre internationale de la marine marchande"}]},{"@type":"WebSite","@id":"https:\/\/marinedelivers.com\/fr\/#website","url":"https:\/\/marinedelivers.com\/fr\/","name":"Chambre de Commerce Maritime","description":"Marine delivers our exports to the world","publisher":{"@id":"https:\/\/marinedelivers.com\/fr\/#organization"},"potentialAction":[{"@type":"SearchAction","target":{"@type":"EntryPoint","urlTemplate":"https:\/\/marinedelivers.com\/fr\/?s={search_term_string}"},"query-input":{"@type":"PropertyValueSpecification","valueRequired":true,"valueName":"search_term_string"}}],"inLanguage":"fr-FR"},{"@type":"Organization","@id":"https:\/\/marinedelivers.com\/fr\/#organization","name":"Chamber of Marine Commerce","url":"https:\/\/marinedelivers.com\/fr\/","logo":{"@type":"ImageObject","inLanguage":"fr-FR","@id":"https:\/\/marinedelivers.com\/fr\/#\/schema\/logo\/image\/","url":"http:\/\/marinedelivers.com\/wp-content\/uploads\/2023\/07\/cmc-logo.svg","contentUrl":"http:\/\/marinedelivers.com\/wp-content\/uploads\/2023\/07\/cmc-logo.svg","width":1,"height":1,"caption":"Chamber of Marine Commerce"},"image":{"@id":"https:\/\/marinedelivers.com\/fr\/#\/schema\/logo\/image\/"},"sameAs":["https:\/\/www.facebook.com\/MarineDelivers\/","https:\/\/x.com\/marinedelivers"]}]}},"_links":{"self":[{"href":"https:\/\/marinedelivers.com\/fr\/wp-json\/wp\/v2\/pages\/4935","targetHints":{"allow":["GET"]}}],"collection":[{"href":"https:\/\/marinedelivers.com\/fr\/wp-json\/wp\/v2\/pages"}],"about":[{"href":"https:\/\/marinedelivers.com\/fr\/wp-json\/wp\/v2\/types\/page"}],"author":[{"embeddable":true,"href":"https:\/\/marinedelivers.com\/fr\/wp-json\/wp\/v2\/users\/4"}],"replies":[{"embeddable":true,"href":"https:\/\/marinedelivers.com\/fr\/wp-json\/wp\/v2\/comments?post=4935"}],"version-history":[{"count":14,"href":"https:\/\/marinedelivers.com\/fr\/wp-json\/wp\/v2\/pages\/4935\/revisions"}],"predecessor-version":[{"id":4949,"href":"https:\/\/marinedelivers.com\/fr\/wp-json\/wp\/v2\/pages\/4935\/revisions\/4949"}],"wp:attachment":[{"href":"https:\/\/marinedelivers.com\/fr\/wp-json\/wp\/v2\/media?parent=4935"}],"curies":[{"name":"wp","href":"https:\/\/api.w.org\/{rel}","templated":true}]}}