{"id":4873,"date":"2023-07-18T16:51:32","date_gmt":"2023-07-18T20:51:32","guid":{"rendered":"https:\/\/marinedelivers.com\/?page_id=4873"},"modified":"2025-09-10T15:11:15","modified_gmt":"2025-09-10T19:11:15","slug":"rapports","status":"publish","type":"page","link":"https:\/\/marinedelivers.com\/fr\/rapports\/","title":{"rendered":"Rapports"},"content":{"rendered":"\n<h3 class=\"wp-block-heading\">La Chambre pr\u00e9conise des politiques et des r\u00e8glements s\u00e9curitaires, durables, harmonis\u00e9s et comp\u00e9titifs, qui reconnaissent les avantages importants du syst\u00e8me de transport maritime dans les r\u00e9gions des Grands Lacs, du Saint-Laurent, des c\u00f4tes et de l\u2019Arctique.<\/h3>\n\n\n\n<div class=\"wp-block-group alignfull bgLines has-lightgrey-background-color has-background is-layout-constrained wp-container-core-group-is-layout-e5fd0fba wp-block-group-is-layout-constrained\" id=\"featured\" style=\"padding-top:var(--wp--preset--spacing--70);padding-bottom:var(--wp--preset--spacing--70);padding-left:0\">\n<h2 class=\"wp-block-heading\">Rapports en vedette<\/h2>\n\n\n<div id=\"entries-block_9503883bb24b52d61711a56908810d60\" class=\"entries block\">\n        <div class=\"entries-ajax\" data-query='{\"post_type\":\"any\",\"posts_per_page\":-1,\"post__not_in\":[4873],\"post__in\":[4235,4230],\"orderby\":\"post__in\"}' data-columns='2'>\n        \n<div class=\"row\">\n                <div class=\"col-md-6 mb-5\">\n                <article class=\"report card onScroll\">\n            <a href=\"https:\/\/marinedelivers.com\/wp-content\/uploads\/2024\/12\/EconomicStudy-GreatLakes-StLawrenceRegion_FR_July_19_2023.pdf\"\n           aria-label=\"Voir le rapport complet\"\n           target=\"_blank\" rel=\"noopener\"><\/a>\n    \n    <div class=\"card-asset\">\n        <div class=\"card-asset-inner\">\n            <img loading=\"lazy\" decoding=\"async\" width=\"600\" height=\"332\" src=\"https:\/\/marinedelivers.com\/wp-content\/uploads\/2024\/12\/FR-Martin-Economic-Study-2022-Cover.png\" class=\"attachment-600x335 size-600x335 wp-post-image\" alt=\"\" srcset=\"https:\/\/marinedelivers.com\/wp-content\/uploads\/2024\/12\/FR-Martin-Economic-Study-2022-Cover.png 1516w, https:\/\/marinedelivers.com\/wp-content\/uploads\/2024\/12\/FR-Martin-Economic-Study-2022-Cover-300x166.png 300w, https:\/\/marinedelivers.com\/wp-content\/uploads\/2024\/12\/FR-Martin-Economic-Study-2022-Cover-1024x566.png 1024w, https:\/\/marinedelivers.com\/wp-content\/uploads\/2024\/12\/FR-Martin-Economic-Study-2022-Cover-768x425.png 768w\" sizes=\"auto, (max-width: 600px) 100vw, 600px\" \/>        <\/div>\n    <\/div>\n\n    <div class=\"card-content\">\n        <h3>Retomb\u00e9es \u00c9conomiques du Transport Maritime dans la R\u00e9gion des Grands Lacs et du Saint-Laurent<\/h3>\n        \n                    <span class=\"btn btn-alt\">Voir le rapport complet<\/span>\n            <\/div>\n<\/article>\n            <\/div>\n        <\/div>\n\n    <\/div>\n    <\/div>\n<\/div>\n\n\n\n<div id=\"policy-positions\" class=\"wp-block-group is-layout-constrained wp-block-group-is-layout-constrained\"><div id=\"entries-block_14fbd501aaf57cb9965f4f0305c2ec41\" class=\"entries block\">\n    <form class=\"entries-filter onScroll\">\n    \n            <nav class=\"filters filter-year\">\n            <p>Filtrer par ann\u00e9e:<\/p>\n            <select class=\"filter-year-control\" data-filter data-year>\n                <option value=\"\">Toutes les ann\u00e9es<\/option>\n                                    <option value=\"2025\">2025<\/option>\n                                    <option value=\"2024\">2024<\/option>\n                                    <option value=\"2021\">2021<\/option>\n                                    <option value=\"2019\">2019<\/option>\n                            <\/select>\n        <\/nav>\n    \n    <\/form>\n    <div class=\"entries-ajax\" data-query='{\"post_type\":[\"report\"],\"posts_per_page\":\"9\",\"post__not_in\":[4873]}' data-columns='3'>\n        \n<div class=\"row\">\n                <div class=\"col-md-6 col-lg-4 mb-5\">\n                <article class=\"report card onScroll\">\n            <a href=\"https:\/\/marinedelivers.com\/wp-content\/uploads\/2025\/10\/CMC_Container_Study_FR_Final.pdf\"\n           aria-label=\"Voir le rapport complet\"\n           target=\"_blank\" rel=\"noopener\"><\/a>\n    \n    <div class=\"card-asset\">\n        <div class=\"card-asset-inner\">\n            <img loading=\"lazy\" decoding=\"async\" width=\"598\" height=\"335\" src=\"https:\/\/marinedelivers.com\/wp-content\/uploads\/2025\/10\/CBSA-FR-Cover-768x430.png\" class=\"attachment-600x335 size-600x335 wp-post-image\" alt=\"\" srcset=\"https:\/\/marinedelivers.com\/wp-content\/uploads\/2025\/10\/CBSA-FR-Cover-768x430.png 768w, https:\/\/marinedelivers.com\/wp-content\/uploads\/2025\/10\/CBSA-FR-Cover-300x168.png 300w, https:\/\/marinedelivers.com\/wp-content\/uploads\/2025\/10\/CBSA-FR-Cover-1024x573.png 1024w, https:\/\/marinedelivers.com\/wp-content\/uploads\/2025\/10\/CBSA-FR-Cover-1536x860.png 1536w, https:\/\/marinedelivers.com\/wp-content\/uploads\/2025\/10\/CBSA-FR-Cover.png 1832w\" sizes=\"auto, (max-width: 598px) 100vw, 598px\" \/>        <\/div>\n    <\/div>\n\n    <div class=\"card-content\">\n        <h3>\u00c9tude sur l&rsquo;expansion de l&rsquo;ASFC<\/h3>\n        \n                    <span class=\"btn btn-alt\">Voir le rapport complet<\/span>\n            <\/div>\n<\/article>\n            <\/div>\n                    <div class=\"col-md-6 col-lg-4 mb-5\">\n                <article class=\"report card onScroll\">\n            <a href=\"https:\/\/marinedelivers.com\/wp-content\/uploads\/2023\/12\/AGLPA_InfrastructureInvestmentSurvey_FR_Dec4-A.pdf\"\n           aria-label=\"Voir le rapport complet\"\n           target=\"_blank\" rel=\"noopener\"><\/a>\n    \n    <div class=\"card-asset\">\n        <div class=\"card-asset-inner\">\n            <img loading=\"lazy\" decoding=\"async\" width=\"534\" height=\"335\" src=\"https:\/\/marinedelivers.com\/wp-content\/uploads\/2025\/09\/Infrastructure-Investment-Study-Cover-Image-FR.png\" class=\"attachment-600x335 size-600x335 wp-post-image\" alt=\"\" srcset=\"https:\/\/marinedelivers.com\/wp-content\/uploads\/2025\/09\/Infrastructure-Investment-Study-Cover-Image-FR.png 1384w, https:\/\/marinedelivers.com\/wp-content\/uploads\/2025\/09\/Infrastructure-Investment-Study-Cover-Image-FR-300x188.png 300w, https:\/\/marinedelivers.com\/wp-content\/uploads\/2025\/09\/Infrastructure-Investment-Study-Cover-Image-FR-1024x642.png 1024w, https:\/\/marinedelivers.com\/wp-content\/uploads\/2025\/09\/Infrastructure-Investment-Study-Cover-Image-FR-768x482.png 768w\" sizes=\"auto, (max-width: 534px) 100vw, 534px\" \/>        <\/div>\n    <\/div>\n\n    <div class=\"card-content\">\n        <h3>Enqu\u00eate sur les investissements dans les infrastructures du r\u00e9seau Grands Lacs-Voie Maritime du Saint-Laurent<\/h3>\n        \n                    <span class=\"btn btn-alt\">Voir le rapport complet<\/span>\n            <\/div>\n<\/article>\n            <\/div>\n                    <div class=\"col-md-6 col-lg-4 mb-5\">\n                <article class=\"report card onScroll\">\n            <a href=\"https:\/\/marinedelivers.com\/wp-content\/uploads\/2025\/09\/Report-Summary-FR-Final-1.pdf\"\n           aria-label=\"Voir le rapport complet\"\n           target=\"_blank\" rel=\"noopener\"><\/a>\n    \n    <div class=\"card-asset\">\n        <div class=\"card-asset-inner\">\n            <img loading=\"lazy\" decoding=\"async\" width=\"475\" height=\"335\" src=\"https:\/\/marinedelivers.com\/wp-content\/uploads\/2025\/09\/CMCF-Seafarer-Pathway-Study-Cover-Image-FR.png\" class=\"attachment-600x335 size-600x335 wp-post-image\" alt=\"\" srcset=\"https:\/\/marinedelivers.com\/wp-content\/uploads\/2025\/09\/CMCF-Seafarer-Pathway-Study-Cover-Image-FR.png 1118w, https:\/\/marinedelivers.com\/wp-content\/uploads\/2025\/09\/CMCF-Seafarer-Pathway-Study-Cover-Image-FR-300x211.png 300w, https:\/\/marinedelivers.com\/wp-content\/uploads\/2025\/09\/CMCF-Seafarer-Pathway-Study-Cover-Image-FR-1024x722.png 1024w, https:\/\/marinedelivers.com\/wp-content\/uploads\/2025\/09\/CMCF-Seafarer-Pathway-Study-Cover-Image-FR-768x541.png 768w\" sizes=\"auto, (max-width: 475px) 100vw, 475px\" \/>        <\/div>\n    <\/div>\n\n    <div class=\"card-content\">\n        <h3>FCMC \u00c9tude sur le parcours des gens de mer canadiens &#8211; Rapport sommaire<\/h3>\n        \n                    <span class=\"btn btn-alt\">Voir le rapport complet<\/span>\n            <\/div>\n<\/article>\n            <\/div>\n                    <div class=\"col-md-6 col-lg-4 mb-5\">\n                <article class=\"report card onScroll\">\n            <a href=\"https:\/\/marinedelivers.com\/wp-content\/uploads\/2024\/12\/EconomicStudy-GreatLakes-StLawrenceRegion_FR_July_19_2023.pdf\"\n           aria-label=\"Voir le rapport complet\"\n           target=\"_blank\" rel=\"noopener\"><\/a>\n    \n    <div class=\"card-asset\">\n        <div class=\"card-asset-inner\">\n            <img loading=\"lazy\" decoding=\"async\" width=\"600\" height=\"332\" src=\"https:\/\/marinedelivers.com\/wp-content\/uploads\/2024\/12\/FR-Martin-Economic-Study-2022-Cover.png\" class=\"attachment-600x335 size-600x335 wp-post-image\" alt=\"\" srcset=\"https:\/\/marinedelivers.com\/wp-content\/uploads\/2024\/12\/FR-Martin-Economic-Study-2022-Cover.png 1516w, https:\/\/marinedelivers.com\/wp-content\/uploads\/2024\/12\/FR-Martin-Economic-Study-2022-Cover-300x166.png 300w, https:\/\/marinedelivers.com\/wp-content\/uploads\/2024\/12\/FR-Martin-Economic-Study-2022-Cover-1024x566.png 1024w, https:\/\/marinedelivers.com\/wp-content\/uploads\/2024\/12\/FR-Martin-Economic-Study-2022-Cover-768x425.png 768w\" sizes=\"auto, (max-width: 600px) 100vw, 600px\" \/>        <\/div>\n    <\/div>\n\n    <div class=\"card-content\">\n        <h3>Retomb\u00e9es \u00c9conomiques du Transport Maritime dans la R\u00e9gion des Grands Lacs et du Saint-Laurent<\/h3>\n        \n                    <span class=\"btn btn-alt\">Voir le rapport complet<\/span>\n            <\/div>\n<\/article>\n            <\/div>\n                    <div class=\"col-md-6 col-lg-4 mb-5\">\n                <article class=\"report card onScroll\">\n            <a href=\"http:\/\/marinedelivers.com\/wp-content\/uploads\/2023\/08\/List-of-Arctic-Goods-French-1.pdf\"\n           aria-label=\"Voir le rapport complet\"\n           target=\"_blank\" rel=\"noopener\"><\/a>\n    \n    <div class=\"card-asset\">\n        <div class=\"card-asset-inner\">\n            <img loading=\"lazy\" decoding=\"async\" width=\"529\" height=\"335\" src=\"https:\/\/marinedelivers.com\/wp-content\/uploads\/2019\/01\/Desganges-Sedna-Desgagnes.jpg\" class=\"attachment-600x335 size-600x335 wp-post-image\" alt=\"\" srcset=\"https:\/\/marinedelivers.com\/wp-content\/uploads\/2019\/01\/Desganges-Sedna-Desgagnes.jpg 1460w, https:\/\/marinedelivers.com\/wp-content\/uploads\/2019\/01\/Desganges-Sedna-Desgagnes-300x190.jpg 300w, https:\/\/marinedelivers.com\/wp-content\/uploads\/2019\/01\/Desganges-Sedna-Desgagnes-1024x648.jpg 1024w, https:\/\/marinedelivers.com\/wp-content\/uploads\/2019\/01\/Desganges-Sedna-Desgagnes-768x486.jpg 768w\" sizes=\"auto, (max-width: 529px) 100vw, 529px\" \/>        <\/div>\n    <\/div>\n\n    <div class=\"card-content\">\n        <h3>Liste des marchandises que l\u2019on retrouve dans l&rsquo;Arctique<\/h3>\n        \n                    <span class=\"btn btn-alt\">Voir le rapport complet<\/span>\n            <\/div>\n<\/article>\n            <\/div>\n        <\/div>\n\n    <\/div>\n    <\/div>\n<\/div>\n","protected":false},"excerpt":{"rendered":"<p>La Chambre pr\u00e9conise des politiques et des r\u00e8glements s\u00e9curitaires, durables,&#8230;<\/p>\n","protected":false},"author":4,"featured_media":0,"parent":0,"menu_order":0,"comment_status":"closed","ping_status":"closed","template":"","meta":{"_acf_changed":false,"footnotes":""},"class_list":["post-4873","page","type-page","status-publish","hentry"],"acf":{"title_subheading":"","title_content":"","title_button":""},"yoast_head":"<!-- This site is optimized with the Yoast SEO plugin v27.3 - https:\/\/yoast.com\/product\/yoast-seo-wordpress\/ -->\n<title>Rapports - Chambre de Commerce Maritime<\/title>\n<meta name=\"robots\" content=\"index, follow, max-snippet:-1, max-image-preview:large, max-video-preview:-1\" \/>\n<link rel=\"canonical\" href=\"https:\/\/marinedelivers.com\/fr\/rapports\/\" \/>\n<meta property=\"og:locale\" content=\"fr_FR\" \/>\n<meta property=\"og:type\" content=\"article\" \/>\n<meta property=\"og:title\" content=\"Rapports - Chambre de Commerce Maritime\" \/>\n<meta property=\"og:description\" content=\"La Chambre pr\u00e9conise des politiques et des r\u00e8glements s\u00e9curitaires, durables,...\" \/>\n<meta property=\"og:url\" content=\"https:\/\/marinedelivers.com\/fr\/rapports\/\" \/>\n<meta property=\"og:site_name\" content=\"Chambre de Commerce Maritime\" \/>\n<meta property=\"article:publisher\" content=\"https:\/\/www.facebook.com\/MarineDelivers\/\" \/>\n<meta property=\"article:modified_time\" content=\"2025-09-10T19:11:15+00:00\" \/>\n<meta name=\"twitter:card\" content=\"summary_large_image\" \/>\n<meta name=\"twitter:site\" content=\"@marinedelivers\" \/>\n<meta name=\"twitter:label1\" content=\"Dur\u00e9e de lecture estim\u00e9e\" \/>\n\t<meta name=\"twitter:data1\" content=\"1 minute\" \/>\n<script type=\"application\/ld+json\" class=\"yoast-schema-graph\">{\"@context\":\"https:\\\/\\\/schema.org\",\"@graph\":[{\"@type\":\"WebPage\",\"@id\":\"https:\\\/\\\/marinedelivers.com\\\/fr\\\/rapports\\\/\",\"url\":\"https:\\\/\\\/marinedelivers.com\\\/fr\\\/rapports\\\/\",\"name\":\"Rapports - Chambre de Commerce Maritime\",\"isPartOf\":{\"@id\":\"https:\\\/\\\/marinedelivers.com\\\/fr\\\/#website\"},\"datePublished\":\"2023-07-18T20:51:32+00:00\",\"dateModified\":\"2025-09-10T19:11:15+00:00\",\"breadcrumb\":{\"@id\":\"https:\\\/\\\/marinedelivers.com\\\/fr\\\/rapports\\\/#breadcrumb\"},\"inLanguage\":\"fr-FR\",\"potentialAction\":[{\"@type\":\"ReadAction\",\"target\":[\"https:\\\/\\\/marinedelivers.com\\\/fr\\\/rapports\\\/\"]}]},{\"@type\":\"BreadcrumbList\",\"@id\":\"https:\\\/\\\/marinedelivers.com\\\/fr\\\/rapports\\\/#breadcrumb\",\"itemListElement\":[{\"@type\":\"ListItem\",\"position\":1,\"name\":\"Home\",\"item\":\"https:\\\/\\\/marinedelivers.com\\\/fr\\\/\"},{\"@type\":\"ListItem\",\"position\":2,\"name\":\"Rapports\"}]},{\"@type\":\"WebSite\",\"@id\":\"https:\\\/\\\/marinedelivers.com\\\/fr\\\/#website\",\"url\":\"https:\\\/\\\/marinedelivers.com\\\/fr\\\/\",\"name\":\"Chambre de Commerce Maritime\",\"description\":\"Marine delivers our exports to the world\",\"publisher\":{\"@id\":\"https:\\\/\\\/marinedelivers.com\\\/fr\\\/#organization\"},\"potentialAction\":[{\"@type\":\"SearchAction\",\"target\":{\"@type\":\"EntryPoint\",\"urlTemplate\":\"https:\\\/\\\/marinedelivers.com\\\/fr\\\/?s={search_term_string}\"},\"query-input\":{\"@type\":\"PropertyValueSpecification\",\"valueRequired\":true,\"valueName\":\"search_term_string\"}}],\"inLanguage\":\"fr-FR\"},{\"@type\":\"Organization\",\"@id\":\"https:\\\/\\\/marinedelivers.com\\\/fr\\\/#organization\",\"name\":\"Chamber of Marine Commerce\",\"url\":\"https:\\\/\\\/marinedelivers.com\\\/fr\\\/\",\"logo\":{\"@type\":\"ImageObject\",\"inLanguage\":\"fr-FR\",\"@id\":\"https:\\\/\\\/marinedelivers.com\\\/fr\\\/#\\\/schema\\\/logo\\\/image\\\/\",\"url\":\"http:\\\/\\\/marinedelivers.com\\\/wp-content\\\/uploads\\\/2023\\\/07\\\/cmc-logo.svg\",\"contentUrl\":\"http:\\\/\\\/marinedelivers.com\\\/wp-content\\\/uploads\\\/2023\\\/07\\\/cmc-logo.svg\",\"width\":1,\"height\":1,\"caption\":\"Chamber of Marine Commerce\"},\"image\":{\"@id\":\"https:\\\/\\\/marinedelivers.com\\\/fr\\\/#\\\/schema\\\/logo\\\/image\\\/\"},\"sameAs\":[\"https:\\\/\\\/www.facebook.com\\\/MarineDelivers\\\/\",\"https:\\\/\\\/x.com\\\/marinedelivers\"]}]}<\/script>\n<!-- \/ Yoast SEO plugin. -->","yoast_head_json":{"title":"Rapports - Chambre de Commerce Maritime","robots":{"index":"index","follow":"follow","max-snippet":"max-snippet:-1","max-image-preview":"max-image-preview:large","max-video-preview":"max-video-preview:-1"},"canonical":"https:\/\/marinedelivers.com\/fr\/rapports\/","og_locale":"fr_FR","og_type":"article","og_title":"Rapports - Chambre de Commerce Maritime","og_description":"La Chambre pr\u00e9conise des politiques et des r\u00e8glements s\u00e9curitaires, durables,...","og_url":"https:\/\/marinedelivers.com\/fr\/rapports\/","og_site_name":"Chambre de Commerce Maritime","article_publisher":"https:\/\/www.facebook.com\/MarineDelivers\/","article_modified_time":"2025-09-10T19:11:15+00:00","twitter_card":"summary_large_image","twitter_site":"@marinedelivers","twitter_misc":{"Dur\u00e9e de lecture estim\u00e9e":"1 minute"},"schema":{"@context":"https:\/\/schema.org","@graph":[{"@type":"WebPage","@id":"https:\/\/marinedelivers.com\/fr\/rapports\/","url":"https:\/\/marinedelivers.com\/fr\/rapports\/","name":"Rapports - Chambre de Commerce Maritime","isPartOf":{"@id":"https:\/\/marinedelivers.com\/fr\/#website"},"datePublished":"2023-07-18T20:51:32+00:00","dateModified":"2025-09-10T19:11:15+00:00","breadcrumb":{"@id":"https:\/\/marinedelivers.com\/fr\/rapports\/#breadcrumb"},"inLanguage":"fr-FR","potentialAction":[{"@type":"ReadAction","target":["https:\/\/marinedelivers.com\/fr\/rapports\/"]}]},{"@type":"BreadcrumbList","@id":"https:\/\/marinedelivers.com\/fr\/rapports\/#breadcrumb","itemListElement":[{"@type":"ListItem","position":1,"name":"Home","item":"https:\/\/marinedelivers.com\/fr\/"},{"@type":"ListItem","position":2,"name":"Rapports"}]},{"@type":"WebSite","@id":"https:\/\/marinedelivers.com\/fr\/#website","url":"https:\/\/marinedelivers.com\/fr\/","name":"Chambre de Commerce Maritime","description":"Marine delivers our exports to the world","publisher":{"@id":"https:\/\/marinedelivers.com\/fr\/#organization"},"potentialAction":[{"@type":"SearchAction","target":{"@type":"EntryPoint","urlTemplate":"https:\/\/marinedelivers.com\/fr\/?s={search_term_string}"},"query-input":{"@type":"PropertyValueSpecification","valueRequired":true,"valueName":"search_term_string"}}],"inLanguage":"fr-FR"},{"@type":"Organization","@id":"https:\/\/marinedelivers.com\/fr\/#organization","name":"Chamber of Marine Commerce","url":"https:\/\/marinedelivers.com\/fr\/","logo":{"@type":"ImageObject","inLanguage":"fr-FR","@id":"https:\/\/marinedelivers.com\/fr\/#\/schema\/logo\/image\/","url":"http:\/\/marinedelivers.com\/wp-content\/uploads\/2023\/07\/cmc-logo.svg","contentUrl":"http:\/\/marinedelivers.com\/wp-content\/uploads\/2023\/07\/cmc-logo.svg","width":1,"height":1,"caption":"Chamber of Marine Commerce"},"image":{"@id":"https:\/\/marinedelivers.com\/fr\/#\/schema\/logo\/image\/"},"sameAs":["https:\/\/www.facebook.com\/MarineDelivers\/","https:\/\/x.com\/marinedelivers"]}]}},"_links":{"self":[{"href":"https:\/\/marinedelivers.com\/fr\/wp-json\/wp\/v2\/pages\/4873","targetHints":{"allow":["GET"]}}],"collection":[{"href":"https:\/\/marinedelivers.com\/fr\/wp-json\/wp\/v2\/pages"}],"about":[{"href":"https:\/\/marinedelivers.com\/fr\/wp-json\/wp\/v2\/types\/page"}],"author":[{"embeddable":true,"href":"https:\/\/marinedelivers.com\/fr\/wp-json\/wp\/v2\/users\/4"}],"replies":[{"embeddable":true,"href":"https:\/\/marinedelivers.com\/fr\/wp-json\/wp\/v2\/comments?post=4873"}],"version-history":[{"count":6,"href":"https:\/\/marinedelivers.com\/fr\/wp-json\/wp\/v2\/pages\/4873\/revisions"}],"predecessor-version":[{"id":4879,"href":"https:\/\/marinedelivers.com\/fr\/wp-json\/wp\/v2\/pages\/4873\/revisions\/4879"}],"wp:attachment":[{"href":"https:\/\/marinedelivers.com\/fr\/wp-json\/wp\/v2\/media?parent=4873"}],"curies":[{"name":"wp","href":"https:\/\/api.w.org\/{rel}","templated":true}]}}