{"id":4794,"date":"2025-08-21T15:22:26","date_gmt":"2025-08-21T19:22:26","guid":{"rendered":"https:\/\/marinedelivers.com\/?page_id=4794"},"modified":"2025-08-21T15:22:28","modified_gmt":"2025-08-21T19:22:28","slug":"etude-economique-de-martin-associates-de-2022","status":"publish","type":"page","link":"https:\/\/marinedelivers.com\/fr\/etude-economique-de-martin-associates-de-2022\/","title":{"rendered":"\u00c9tude \u00e9conomique de Martin Associates de 2022"},"content":{"rendered":"\n<p>Le commerce maritime sur les Grands Lacs et le fleuve Saint-Laurent est essentiel aux \u00e9conomies des \u00c9tats-Unis et du Canada. L\u2019\u00c9tude \u00e9conomique de Martin Associates vise \u00e0 mesurer et \u00e0 \u00e9valuer ce commerce ainsi qu\u2019\u00e0 pr\u00e9senter une description de ses retomb\u00e9es \u00e9conomiques. En raison de la port\u00e9e g\u00e9ographique de la zone \u00e9tudi\u00e9e et de la diversit\u00e9 des parties prenantes susceptibles d\u2019utiliser ces donn\u00e9es, l\u2019\u00e9tude pr\u00e9sente ses r\u00e9sultats de multiples fa\u00e7ons et selon plusieurs perspectives.<\/p>\n\n\n\n<div class=\"wp-block-columns is-layout-flex wp-container-core-columns-is-layout-9d6595d7 wp-block-columns-is-layout-flex\">\n<div class=\"wp-block-column is-layout-flow wp-block-column-is-layout-flow\">\n<figure class=\"wp-block-image alignleft size-large is-resized\"><img loading=\"lazy\" decoding=\"async\" width=\"789\" height=\"1024\" src=\"https:\/\/marinedelivers.com\/wp-content\/uploads\/2023\/08\/Screen-Shot-2023-07-20-at-2.11.25-PM-789x1024.png\" alt=\"\" class=\"wp-image-2722\" style=\"width:485px;height:auto\" srcset=\"https:\/\/marinedelivers.com\/wp-content\/uploads\/2023\/08\/Screen-Shot-2023-07-20-at-2.11.25-PM-789x1024.png 789w, https:\/\/marinedelivers.com\/wp-content\/uploads\/2023\/08\/Screen-Shot-2023-07-20-at-2.11.25-PM-231x300.png 231w, https:\/\/marinedelivers.com\/wp-content\/uploads\/2023\/08\/Screen-Shot-2023-07-20-at-2.11.25-PM-768x996.png 768w, https:\/\/marinedelivers.com\/wp-content\/uploads\/2023\/08\/Screen-Shot-2023-07-20-at-2.11.25-PM.png 1042w\" sizes=\"auto, (max-width: 789px) 100vw, 789px\" \/><\/figure>\n<\/div>\n\n\n\n<div class=\"wp-block-column is-layout-flow wp-block-column-is-layout-flow\">\n<figure class=\"wp-block-image alignleft size-large is-resized\"><img loading=\"lazy\" decoding=\"async\" width=\"790\" height=\"1024\" src=\"https:\/\/marinedelivers.com\/wp-content\/uploads\/2023\/08\/2023-Martin-Study-Cover-Image-790x1024.png\" alt=\"\" class=\"wp-image-2724\" style=\"width:484px;height:auto\" srcset=\"https:\/\/marinedelivers.com\/wp-content\/uploads\/2023\/08\/2023-Martin-Study-Cover-Image-790x1024.png 790w, https:\/\/marinedelivers.com\/wp-content\/uploads\/2023\/08\/2023-Martin-Study-Cover-Image-231x300.png 231w, https:\/\/marinedelivers.com\/wp-content\/uploads\/2023\/08\/2023-Martin-Study-Cover-Image-768x995.png 768w, https:\/\/marinedelivers.com\/wp-content\/uploads\/2023\/08\/2023-Martin-Study-Cover-Image.png 1040w\" sizes=\"auto, (max-width: 790px) 100vw, 790px\" \/><\/figure>\n<\/div>\n<\/div>\n\n\n\n<div style=\"height:31px\" aria-hidden=\"true\" class=\"wp-block-spacer\"><\/div>\n\n\n\n<div class=\"wp-block-columns is-layout-flex wp-container-core-columns-is-layout-9d6595d7 wp-block-columns-is-layout-flex\">\n<div class=\"wp-block-column is-layout-flow wp-block-column-is-layout-flow\">\n<div class=\"wp-block-buttons is-layout-flex wp-block-buttons-is-layout-flex\">\n<div class=\"wp-block-button\"><a class=\"wp-block-button__link wp-element-button\" href=\"https:\/\/marinedelivers.com\/wp-content\/uploads\/2023\/08\/EconomicStudy-GreatLakes-StLawrenceRegion_FR_July_19_2023.pdf\" target=\"_blank\" rel=\"noreferrer noopener\">T\u00e9l\u00e9charger<\/a><\/div>\n<\/div>\n<\/div>\n\n\n\n<div class=\"wp-block-column is-layout-flow wp-block-column-is-layout-flow\">\n<div class=\"wp-block-buttons is-layout-flex wp-block-buttons-is-layout-flex\">\n<div class=\"wp-block-button\"><a class=\"wp-block-button__link wp-element-button\" href=\"https:\/\/marinedelivers.com\/wp-content\/uploads\/2023\/08\/EconomicStudy-GreatLakes-StLawrenceRegion_EN_July_19_2023.pdf\" target=\"_blank\" rel=\"noreferrer noopener\">Download<\/a><\/div>\n<\/div>\n<\/div>\n<\/div>\n\n\n\n<div style=\"height:31px\" aria-hidden=\"true\" class=\"wp-block-spacer\"><\/div>\n\n\n\n<h2 class=\"wp-block-heading\">Qui est Martin Associates\u202f?<\/h2>\n\n\n\n<p>Martin Associates, situ\u00e9 \u00e0 Lancaster en Pennsylvanie, est un chef de file en mati\u00e8re d\u2019analyses \u00e9conomiques et de services-conseils pour l\u2019industrie maritime. Depuis 1986, l\u2019entreprise a r\u00e9alis\u00e9 plus de 1 500 \u00e9tudes sur les retomb\u00e9es \u00e9conomiques, la planification strat\u00e9gique, la viabilit\u00e9 financi\u00e8re et les march\u00e9s pour des ports majeurs et des syst\u00e8mes de voies navigables aux \u00c9tats-Unis et au Canada, ainsi que pour des ports en Europe, en Asie, en Afrique et dans les Cara\u00efbes.<\/p>\n\n\n\n<p>La client\u00e8le de Martin Associates comprend des administrations portuaires, des exploitants de terminaux maritimes, des groupes d\u2019investissement priv\u00e9s, des transporteurs maritimes, ainsi que des gouvernements f\u00e9d\u00e9raux, provinciaux et \u00e9tatiques, en plus d\u2019organismes de commerce maritime.<\/p>\n\n\n\n<h2 class=\"wp-block-heading\">Comment ce projet a-t-il \u00e9t\u00e9 \u00e9labor\u00e9 ?<\/h2>\n\n\n\n<p>Cette analyse estime les retomb\u00e9es \u00e9conomiques combin\u00e9es des \u00c9tats-Unis et du Canada li\u00e9es \u00e0 l\u2019ensemble des cargaisons maritimes transitant dans la r\u00e9gion binationale des Grands Lacs et du fleuve Saint-Laurent. Cela inclut les cargaisons nationales entre ports am\u00e9ricains, les cargaisons nationales entre ports canadiens, les cargaisons transfrontali\u00e8res entre le Canada et les \u00c9tats-Unis, ainsi que les cargaisons internationales entre les ports du syst\u00e8me et les ports d\u2019outre-mer.<\/p>\n\n\n\n<p>L\u2019\u00e9tude mesure les retomb\u00e9es \u00e9conomiques des mouvements de cargaison en 2022 dans 40 ports am\u00e9ricains et canadiens. L\u2019analyse a \u00e9t\u00e9 d\u00e9velopp\u00e9e \u00e0 partir d\u2019un vaste programme d\u2019entrevues t\u00e9l\u00e9phoniques aupr\u00e8s de plus de 800 entreprises, repr\u00e9sentant plus de 1 100 op\u00e9rations \u00e0 travers la r\u00e9gion. Des mod\u00e8les ont ensuite \u00e9t\u00e9 \u00e9labor\u00e9s afin d\u2019extrapoler les retomb\u00e9es des 40 ports \u00e0 l\u2019\u00e9chelle des provinces et des \u00c9tats.<\/p>\n\n\n\n<h2 class=\"wp-block-heading\">Partenaires<\/h2>\n\n\n\n<p>Les organisations suivantes ont si\u00e9g\u00e9 au comit\u00e9 directeur du projet et ont fourni des donn\u00e9es confidentielles, des conseils ainsi qu\u2019une supervision pour cette \u00e9tude :<\/p>\n\n\n\n<div class=\"wp-block-columns is-layout-flex wp-container-core-columns-is-layout-9d6595d7 wp-block-columns-is-layout-flex\">\n<div class=\"wp-block-column is-layout-flow wp-block-column-is-layout-flow\">\n<figure class=\"wp-block-image size-full\"><img loading=\"lazy\" decoding=\"async\" width=\"378\" height=\"207\" src=\"https:\/\/marinedelivers.com\/wp-content\/uploads\/2023\/08\/logo-cmc.png\" alt=\"\" class=\"wp-image-3505\" srcset=\"https:\/\/marinedelivers.com\/wp-content\/uploads\/2023\/08\/logo-cmc.png 378w, https:\/\/marinedelivers.com\/wp-content\/uploads\/2023\/08\/logo-cmc-300x164.png 300w\" sizes=\"auto, (max-width: 378px) 100vw, 378px\" \/><\/figure>\n\n\n\n<figure class=\"wp-block-image size-full\"><img loading=\"lazy\" decoding=\"async\" width=\"377\" height=\"209\" src=\"https:\/\/marinedelivers.com\/wp-content\/uploads\/2023\/08\/logo-glsls.png\" alt=\"\" class=\"wp-image-3499\" srcset=\"https:\/\/marinedelivers.com\/wp-content\/uploads\/2023\/08\/logo-glsls.png 377w, https:\/\/marinedelivers.com\/wp-content\/uploads\/2023\/08\/logo-glsls-300x166.png 300w\" sizes=\"auto, (max-width: 377px) 100vw, 377px\" \/><\/figure>\n<\/div>\n\n\n\n<div class=\"wp-block-column is-layout-flow wp-block-column-is-layout-flow\">\n<figure class=\"wp-block-image size-full\"><img loading=\"lazy\" decoding=\"async\" width=\"379\" height=\"209\" src=\"https:\/\/marinedelivers.com\/wp-content\/uploads\/2023\/08\/logo-lca.png\" alt=\"\" class=\"wp-image-3503\" srcset=\"https:\/\/marinedelivers.com\/wp-content\/uploads\/2023\/08\/logo-lca.png 379w, https:\/\/marinedelivers.com\/wp-content\/uploads\/2023\/08\/logo-lca-300x165.png 300w\" sizes=\"auto, (max-width: 379px) 100vw, 379px\" \/><\/figure>\n\n\n\n<figure class=\"wp-block-image size-full\"><img loading=\"lazy\" decoding=\"async\" width=\"378\" height=\"207\" src=\"https:\/\/marinedelivers.com\/wp-content\/uploads\/2023\/08\/logo-sfc.png\" alt=\"\" class=\"wp-image-3497\" srcset=\"https:\/\/marinedelivers.com\/wp-content\/uploads\/2023\/08\/logo-sfc.png 378w, https:\/\/marinedelivers.com\/wp-content\/uploads\/2023\/08\/logo-sfc-300x164.png 300w\" sizes=\"auto, (max-width: 378px) 100vw, 378px\" \/><\/figure>\n<\/div>\n\n\n\n<div class=\"wp-block-column is-layout-flow wp-block-column-is-layout-flow\">\n<figure class=\"wp-block-image size-full\"><img loading=\"lazy\" decoding=\"async\" width=\"379\" height=\"208\" src=\"https:\/\/marinedelivers.com\/wp-content\/uploads\/2023\/08\/logo-aglpa.png\" alt=\"\" class=\"wp-image-3501\" srcset=\"https:\/\/marinedelivers.com\/wp-content\/uploads\/2023\/08\/logo-aglpa.png 379w, https:\/\/marinedelivers.com\/wp-content\/uploads\/2023\/08\/logo-aglpa-300x165.png 300w\" sizes=\"auto, (max-width: 379px) 100vw, 379px\" \/><\/figure>\n\n\n\n<figure class=\"wp-block-image size-full\"><img loading=\"lazy\" decoding=\"async\" width=\"379\" height=\"208\" src=\"https:\/\/marinedelivers.com\/wp-content\/uploads\/2023\/08\/logo-slsmc.png\" alt=\"\" class=\"wp-image-3495\" srcset=\"https:\/\/marinedelivers.com\/wp-content\/uploads\/2023\/08\/logo-slsmc.png 379w, https:\/\/marinedelivers.com\/wp-content\/uploads\/2023\/08\/logo-slsmc-300x165.png 300w\" sizes=\"auto, (max-width: 379px) 100vw, 379px\" \/><\/figure>\n<\/div>\n<\/div>\n\n\n\n<div class=\"wp-block-columns is-layout-flex wp-container-core-columns-is-layout-9d6595d7 wp-block-columns-is-layout-flex\">\n<div class=\"wp-block-column is-layout-flow wp-block-column-is-layout-flow\">\n<figure class=\"wp-block-image aligncenter size-full is-resized\"><img loading=\"lazy\" decoding=\"async\" width=\"920\" height=\"509\" src=\"https:\/\/marinedelivers.com\/wp-content\/uploads\/2023\/08\/logo-fednav.png\" alt=\"\" class=\"wp-image-3493\" style=\"width:351px;height:auto\" srcset=\"https:\/\/marinedelivers.com\/wp-content\/uploads\/2023\/08\/logo-fednav.png 920w, https:\/\/marinedelivers.com\/wp-content\/uploads\/2023\/08\/logo-fednav-300x166.png 300w, https:\/\/marinedelivers.com\/wp-content\/uploads\/2023\/08\/logo-fednav-768x425.png 768w\" sizes=\"auto, (max-width: 920px) 100vw, 920px\" \/><\/figure>\n<\/div>\n\n\n\n<div class=\"wp-block-column is-layout-flow wp-block-column-is-layout-flow\">\n<figure class=\"wp-block-image aligncenter size-large is-resized\"><img loading=\"lazy\" decoding=\"async\" width=\"1024\" height=\"564\" src=\"https:\/\/marinedelivers.com\/wp-content\/uploads\/2023\/08\/logo-transport-Canada-1024x564.png\" alt=\"\" class=\"wp-image-3491\" style=\"width:354px;height:auto\" srcset=\"https:\/\/marinedelivers.com\/wp-content\/uploads\/2023\/08\/logo-transport-Canada-1024x564.png 1024w, https:\/\/marinedelivers.com\/wp-content\/uploads\/2023\/08\/logo-transport-Canada-300x165.png 300w, https:\/\/marinedelivers.com\/wp-content\/uploads\/2023\/08\/logo-transport-Canada-768x423.png 768w, https:\/\/marinedelivers.com\/wp-content\/uploads\/2023\/08\/logo-transport-Canada.png 1230w\" sizes=\"auto, (max-width: 1024px) 100vw, 1024px\" \/><\/figure>\n<\/div>\n<\/div>\n\n\n\n<p><\/p>\n","protected":false},"excerpt":{"rendered":"<p>Le commerce maritime sur les Grands Lacs et le fleuve&#8230;<\/p>\n","protected":false},"author":4,"featured_media":0,"parent":0,"menu_order":0,"comment_status":"closed","ping_status":"closed","template":"","meta":{"_acf_changed":false,"footnotes":""},"class_list":["post-4794","page","type-page","status-publish","hentry"],"acf":{"title_subheading":"","title_content":"","title_button":""},"yoast_head":"<!-- This site is optimized with the Yoast SEO plugin v27.3 - https:\/\/yoast.com\/product\/yoast-seo-wordpress\/ -->\n<title>\u00c9tude \u00e9conomique de Martin Associates de 2022 - Chambre de Commerce Maritime<\/title>\n<meta name=\"robots\" content=\"index, follow, max-snippet:-1, max-image-preview:large, max-video-preview:-1\" \/>\n<link rel=\"canonical\" href=\"https:\/\/marinedelivers.com\/fr\/etude-economique-de-martin-associates-de-2022\/\" \/>\n<meta property=\"og:locale\" content=\"fr_FR\" \/>\n<meta property=\"og:type\" content=\"article\" \/>\n<meta property=\"og:title\" content=\"\u00c9tude \u00e9conomique de Martin Associates de 2022 - Chambre de Commerce Maritime\" \/>\n<meta property=\"og:description\" content=\"Le commerce maritime sur les Grands Lacs et le fleuve...\" \/>\n<meta property=\"og:url\" content=\"https:\/\/marinedelivers.com\/fr\/etude-economique-de-martin-associates-de-2022\/\" \/>\n<meta property=\"og:site_name\" content=\"Chambre de Commerce Maritime\" \/>\n<meta property=\"article:publisher\" content=\"https:\/\/www.facebook.com\/MarineDelivers\/\" \/>\n<meta property=\"article:modified_time\" content=\"2025-08-21T19:22:28+00:00\" \/>\n<meta property=\"og:image\" content=\"https:\/\/marinedelivers.com\/wp-content\/uploads\/2023\/08\/Screen-Shot-2023-07-20-at-2.11.25-PM.png\" \/>\n\t<meta property=\"og:image:width\" content=\"1042\" \/>\n\t<meta property=\"og:image:height\" content=\"1352\" \/>\n\t<meta property=\"og:image:type\" content=\"image\/png\" \/>\n<meta name=\"twitter:card\" content=\"summary_large_image\" \/>\n<meta name=\"twitter:site\" content=\"@marinedelivers\" \/>\n<meta name=\"twitter:label1\" content=\"Dur\u00e9e de lecture estim\u00e9e\" \/>\n\t<meta name=\"twitter:data1\" content=\"4 minutes\" \/>\n<script type=\"application\/ld+json\" class=\"yoast-schema-graph\">{\"@context\":\"https:\\\/\\\/schema.org\",\"@graph\":[{\"@type\":\"WebPage\",\"@id\":\"https:\\\/\\\/marinedelivers.com\\\/fr\\\/etude-economique-de-martin-associates-de-2022\\\/\",\"url\":\"https:\\\/\\\/marinedelivers.com\\\/fr\\\/etude-economique-de-martin-associates-de-2022\\\/\",\"name\":\"\u00c9tude \u00e9conomique de Martin Associates de 2022 - Chambre de Commerce Maritime\",\"isPartOf\":{\"@id\":\"https:\\\/\\\/marinedelivers.com\\\/fr\\\/#website\"},\"primaryImageOfPage\":{\"@id\":\"https:\\\/\\\/marinedelivers.com\\\/fr\\\/etude-economique-de-martin-associates-de-2022\\\/#primaryimage\"},\"image\":{\"@id\":\"https:\\\/\\\/marinedelivers.com\\\/fr\\\/etude-economique-de-martin-associates-de-2022\\\/#primaryimage\"},\"thumbnailUrl\":\"https:\\\/\\\/marinedelivers.com\\\/wp-content\\\/uploads\\\/2023\\\/08\\\/Screen-Shot-2023-07-20-at-2.11.25-PM-789x1024.png\",\"datePublished\":\"2025-08-21T19:22:26+00:00\",\"dateModified\":\"2025-08-21T19:22:28+00:00\",\"breadcrumb\":{\"@id\":\"https:\\\/\\\/marinedelivers.com\\\/fr\\\/etude-economique-de-martin-associates-de-2022\\\/#breadcrumb\"},\"inLanguage\":\"fr-FR\",\"potentialAction\":[{\"@type\":\"ReadAction\",\"target\":[\"https:\\\/\\\/marinedelivers.com\\\/fr\\\/etude-economique-de-martin-associates-de-2022\\\/\"]}]},{\"@type\":\"ImageObject\",\"inLanguage\":\"fr-FR\",\"@id\":\"https:\\\/\\\/marinedelivers.com\\\/fr\\\/etude-economique-de-martin-associates-de-2022\\\/#primaryimage\",\"url\":\"https:\\\/\\\/marinedelivers.com\\\/wp-content\\\/uploads\\\/2023\\\/08\\\/Screen-Shot-2023-07-20-at-2.11.25-PM-789x1024.png\",\"contentUrl\":\"https:\\\/\\\/marinedelivers.com\\\/wp-content\\\/uploads\\\/2023\\\/08\\\/Screen-Shot-2023-07-20-at-2.11.25-PM-789x1024.png\"},{\"@type\":\"BreadcrumbList\",\"@id\":\"https:\\\/\\\/marinedelivers.com\\\/fr\\\/etude-economique-de-martin-associates-de-2022\\\/#breadcrumb\",\"itemListElement\":[{\"@type\":\"ListItem\",\"position\":1,\"name\":\"Home\",\"item\":\"https:\\\/\\\/marinedelivers.com\\\/fr\\\/\"},{\"@type\":\"ListItem\",\"position\":2,\"name\":\"\u00c9tude \u00e9conomique de Martin Associates de 2022\"}]},{\"@type\":\"WebSite\",\"@id\":\"https:\\\/\\\/marinedelivers.com\\\/fr\\\/#website\",\"url\":\"https:\\\/\\\/marinedelivers.com\\\/fr\\\/\",\"name\":\"Chambre de Commerce Maritime\",\"description\":\"Marine delivers our exports to the world\",\"publisher\":{\"@id\":\"https:\\\/\\\/marinedelivers.com\\\/fr\\\/#organization\"},\"potentialAction\":[{\"@type\":\"SearchAction\",\"target\":{\"@type\":\"EntryPoint\",\"urlTemplate\":\"https:\\\/\\\/marinedelivers.com\\\/fr\\\/?s={search_term_string}\"},\"query-input\":{\"@type\":\"PropertyValueSpecification\",\"valueRequired\":true,\"valueName\":\"search_term_string\"}}],\"inLanguage\":\"fr-FR\"},{\"@type\":\"Organization\",\"@id\":\"https:\\\/\\\/marinedelivers.com\\\/fr\\\/#organization\",\"name\":\"Chamber of Marine Commerce\",\"url\":\"https:\\\/\\\/marinedelivers.com\\\/fr\\\/\",\"logo\":{\"@type\":\"ImageObject\",\"inLanguage\":\"fr-FR\",\"@id\":\"https:\\\/\\\/marinedelivers.com\\\/fr\\\/#\\\/schema\\\/logo\\\/image\\\/\",\"url\":\"http:\\\/\\\/marinedelivers.com\\\/wp-content\\\/uploads\\\/2023\\\/07\\\/cmc-logo.svg\",\"contentUrl\":\"http:\\\/\\\/marinedelivers.com\\\/wp-content\\\/uploads\\\/2023\\\/07\\\/cmc-logo.svg\",\"width\":1,\"height\":1,\"caption\":\"Chamber of Marine Commerce\"},\"image\":{\"@id\":\"https:\\\/\\\/marinedelivers.com\\\/fr\\\/#\\\/schema\\\/logo\\\/image\\\/\"},\"sameAs\":[\"https:\\\/\\\/www.facebook.com\\\/MarineDelivers\\\/\",\"https:\\\/\\\/x.com\\\/marinedelivers\"]}]}<\/script>\n<!-- \/ Yoast SEO plugin. -->","yoast_head_json":{"title":"\u00c9tude \u00e9conomique de Martin Associates de 2022 - Chambre de Commerce Maritime","robots":{"index":"index","follow":"follow","max-snippet":"max-snippet:-1","max-image-preview":"max-image-preview:large","max-video-preview":"max-video-preview:-1"},"canonical":"https:\/\/marinedelivers.com\/fr\/etude-economique-de-martin-associates-de-2022\/","og_locale":"fr_FR","og_type":"article","og_title":"\u00c9tude \u00e9conomique de Martin Associates de 2022 - Chambre de Commerce Maritime","og_description":"Le commerce maritime sur les Grands Lacs et le fleuve...","og_url":"https:\/\/marinedelivers.com\/fr\/etude-economique-de-martin-associates-de-2022\/","og_site_name":"Chambre de Commerce Maritime","article_publisher":"https:\/\/www.facebook.com\/MarineDelivers\/","article_modified_time":"2025-08-21T19:22:28+00:00","og_image":[{"width":1042,"height":1352,"url":"https:\/\/marinedelivers.com\/wp-content\/uploads\/2023\/08\/Screen-Shot-2023-07-20-at-2.11.25-PM.png","type":"image\/png"}],"twitter_card":"summary_large_image","twitter_site":"@marinedelivers","twitter_misc":{"Dur\u00e9e de lecture estim\u00e9e":"4 minutes"},"schema":{"@context":"https:\/\/schema.org","@graph":[{"@type":"WebPage","@id":"https:\/\/marinedelivers.com\/fr\/etude-economique-de-martin-associates-de-2022\/","url":"https:\/\/marinedelivers.com\/fr\/etude-economique-de-martin-associates-de-2022\/","name":"\u00c9tude \u00e9conomique de Martin Associates de 2022 - Chambre de Commerce Maritime","isPartOf":{"@id":"https:\/\/marinedelivers.com\/fr\/#website"},"primaryImageOfPage":{"@id":"https:\/\/marinedelivers.com\/fr\/etude-economique-de-martin-associates-de-2022\/#primaryimage"},"image":{"@id":"https:\/\/marinedelivers.com\/fr\/etude-economique-de-martin-associates-de-2022\/#primaryimage"},"thumbnailUrl":"https:\/\/marinedelivers.com\/wp-content\/uploads\/2023\/08\/Screen-Shot-2023-07-20-at-2.11.25-PM-789x1024.png","datePublished":"2025-08-21T19:22:26+00:00","dateModified":"2025-08-21T19:22:28+00:00","breadcrumb":{"@id":"https:\/\/marinedelivers.com\/fr\/etude-economique-de-martin-associates-de-2022\/#breadcrumb"},"inLanguage":"fr-FR","potentialAction":[{"@type":"ReadAction","target":["https:\/\/marinedelivers.com\/fr\/etude-economique-de-martin-associates-de-2022\/"]}]},{"@type":"ImageObject","inLanguage":"fr-FR","@id":"https:\/\/marinedelivers.com\/fr\/etude-economique-de-martin-associates-de-2022\/#primaryimage","url":"https:\/\/marinedelivers.com\/wp-content\/uploads\/2023\/08\/Screen-Shot-2023-07-20-at-2.11.25-PM-789x1024.png","contentUrl":"https:\/\/marinedelivers.com\/wp-content\/uploads\/2023\/08\/Screen-Shot-2023-07-20-at-2.11.25-PM-789x1024.png"},{"@type":"BreadcrumbList","@id":"https:\/\/marinedelivers.com\/fr\/etude-economique-de-martin-associates-de-2022\/#breadcrumb","itemListElement":[{"@type":"ListItem","position":1,"name":"Home","item":"https:\/\/marinedelivers.com\/fr\/"},{"@type":"ListItem","position":2,"name":"\u00c9tude \u00e9conomique de Martin Associates de 2022"}]},{"@type":"WebSite","@id":"https:\/\/marinedelivers.com\/fr\/#website","url":"https:\/\/marinedelivers.com\/fr\/","name":"Chambre de Commerce Maritime","description":"Marine delivers our exports to the world","publisher":{"@id":"https:\/\/marinedelivers.com\/fr\/#organization"},"potentialAction":[{"@type":"SearchAction","target":{"@type":"EntryPoint","urlTemplate":"https:\/\/marinedelivers.com\/fr\/?s={search_term_string}"},"query-input":{"@type":"PropertyValueSpecification","valueRequired":true,"valueName":"search_term_string"}}],"inLanguage":"fr-FR"},{"@type":"Organization","@id":"https:\/\/marinedelivers.com\/fr\/#organization","name":"Chamber of Marine Commerce","url":"https:\/\/marinedelivers.com\/fr\/","logo":{"@type":"ImageObject","inLanguage":"fr-FR","@id":"https:\/\/marinedelivers.com\/fr\/#\/schema\/logo\/image\/","url":"http:\/\/marinedelivers.com\/wp-content\/uploads\/2023\/07\/cmc-logo.svg","contentUrl":"http:\/\/marinedelivers.com\/wp-content\/uploads\/2023\/07\/cmc-logo.svg","width":1,"height":1,"caption":"Chamber of Marine Commerce"},"image":{"@id":"https:\/\/marinedelivers.com\/fr\/#\/schema\/logo\/image\/"},"sameAs":["https:\/\/www.facebook.com\/MarineDelivers\/","https:\/\/x.com\/marinedelivers"]}]}},"_links":{"self":[{"href":"https:\/\/marinedelivers.com\/fr\/wp-json\/wp\/v2\/pages\/4794","targetHints":{"allow":["GET"]}}],"collection":[{"href":"https:\/\/marinedelivers.com\/fr\/wp-json\/wp\/v2\/pages"}],"about":[{"href":"https:\/\/marinedelivers.com\/fr\/wp-json\/wp\/v2\/types\/page"}],"author":[{"embeddable":true,"href":"https:\/\/marinedelivers.com\/fr\/wp-json\/wp\/v2\/users\/4"}],"replies":[{"embeddable":true,"href":"https:\/\/marinedelivers.com\/fr\/wp-json\/wp\/v2\/comments?post=4794"}],"version-history":[{"count":4,"href":"https:\/\/marinedelivers.com\/fr\/wp-json\/wp\/v2\/pages\/4794\/revisions"}],"predecessor-version":[{"id":4798,"href":"https:\/\/marinedelivers.com\/fr\/wp-json\/wp\/v2\/pages\/4794\/revisions\/4798"}],"wp:attachment":[{"href":"https:\/\/marinedelivers.com\/fr\/wp-json\/wp\/v2\/media?parent=4794"}],"curies":[{"name":"wp","href":"https:\/\/api.w.org\/{rel}","templated":true}]}}