{"id":4790,"date":"2023-12-13T11:38:50","date_gmt":"2023-12-13T16:38:50","guid":{"rendered":"https:\/\/marinedelivers.com\/?page_id=4790"},"modified":"2025-08-21T11:22:25","modified_gmt":"2025-08-21T15:22:25","slug":"enquete-2023-sur-les-investissements-en-infrastructure","status":"publish","type":"page","link":"https:\/\/marinedelivers.com\/fr\/enquete-2023-sur-les-investissements-en-infrastructure\/","title":{"rendered":"Enqu\u00eate 2023 sur les investissements en infrastructure"},"content":{"rendered":"\n<p>Martin Associates a \u00e9t\u00e9 mandat\u00e9 par une coalition d\u2019intervenants de l\u2019industrie maritime des Grands Lacs et de la Voie maritime du Saint-Laurent pour r\u00e9aliser une enqu\u00eate aupr\u00e8s des exploitants de navires, des ports, des terminaux, des agences gouvernementales et d\u2019autres entit\u00e9s afin de quantifier le niveau des investissements r\u00e9alis\u00e9s dans le syst\u00e8me de navigation des Grands Lacs et de la Voie maritime sur une p\u00e9riode de dix ans (c\u2019est-\u00e0-dire les cinq derni\u00e8res ann\u00e9es et les cinq ann\u00e9es \u00e0 venir \u2013 2018 \u00e0 2022, et 2023 \u00e0 2027).<\/p>\n\n\n\n<p>En quantifiant ces investissements, nous pouvons soutenir la planification \u00e0 long terme et la r\u00e9alisation des objectifs de d\u00e9veloppement \u00e9conomique, tout en renfor\u00e7ant la confiance dans la viabilit\u00e9 future du syst\u00e8me de navigation.<\/p>\n\n\n\n<div class=\"wp-block-columns is-layout-flex wp-container-core-columns-is-layout-9d6595d7 wp-block-columns-is-layout-flex\">\n<div class=\"wp-block-column is-layout-flow wp-block-column-is-layout-flow\">\n<figure class=\"wp-block-image alignleft size-large is-resized\"><a href=\"https:\/\/marinedelivers.com\/wp-content\/uploads\/2023\/12\/AGLPA_InfrastructureInvestmentSurvey_FR_Dec4-A.pdf\" target=\"_blank\" rel=\" noreferrer noopener\"><img loading=\"lazy\" decoding=\"async\" width=\"792\" height=\"1024\" src=\"https:\/\/marinedelivers.com\/wp-content\/uploads\/2023\/12\/2023-Investment-Study-Cover-French-792x1024.png\" alt=\"\" class=\"wp-image-3804\" style=\"width:466px;height:auto\" srcset=\"https:\/\/marinedelivers.com\/wp-content\/uploads\/2023\/12\/2023-Investment-Study-Cover-French-792x1024.png 792w, https:\/\/marinedelivers.com\/wp-content\/uploads\/2023\/12\/2023-Investment-Study-Cover-French-232x300.png 232w, https:\/\/marinedelivers.com\/wp-content\/uploads\/2023\/12\/2023-Investment-Study-Cover-French-768x993.png 768w, https:\/\/marinedelivers.com\/wp-content\/uploads\/2023\/12\/2023-Investment-Study-Cover-French.png 970w\" sizes=\"auto, (max-width: 792px) 100vw, 792px\" \/><\/a><\/figure>\n<\/div>\n\n\n\n<div class=\"wp-block-column is-layout-flow wp-block-column-is-layout-flow\">\n<figure class=\"wp-block-image alignleft size-large is-resized\"><a href=\"https:\/\/marinedelivers.com\/wp-content\/uploads\/2023\/12\/AGLPA_InfrastructureInvestmentSurvey_EN_Dec4-A.pdf\" target=\"_blank\" rel=\" noreferrer noopener\"><img loading=\"lazy\" decoding=\"async\" width=\"791\" height=\"1024\" src=\"https:\/\/marinedelivers.com\/wp-content\/uploads\/2023\/12\/2023-Investment-Study-Cover-English-791x1024.png\" alt=\"\" class=\"wp-image-3798\" style=\"width:469px;height:auto\" srcset=\"https:\/\/marinedelivers.com\/wp-content\/uploads\/2023\/12\/2023-Investment-Study-Cover-English-791x1024.png 791w, https:\/\/marinedelivers.com\/wp-content\/uploads\/2023\/12\/2023-Investment-Study-Cover-English-232x300.png 232w, https:\/\/marinedelivers.com\/wp-content\/uploads\/2023\/12\/2023-Investment-Study-Cover-English-768x994.png 768w, https:\/\/marinedelivers.com\/wp-content\/uploads\/2023\/12\/2023-Investment-Study-Cover-English.png 1014w\" sizes=\"auto, (max-width: 791px) 100vw, 791px\" \/><\/a><\/figure>\n<\/div>\n<\/div>\n\n\n\n<div style=\"height:31px\" aria-hidden=\"true\" class=\"wp-block-spacer\"><\/div>\n\n\n\n<div class=\"wp-block-columns is-layout-flex wp-container-core-columns-is-layout-9d6595d7 wp-block-columns-is-layout-flex\">\n<div class=\"wp-block-column is-layout-flow wp-block-column-is-layout-flow\">\n<div class=\"wp-block-buttons is-layout-flex wp-block-buttons-is-layout-flex\">\n<div class=\"wp-block-button\"><a class=\"wp-block-button__link wp-element-button\" href=\"https:\/\/marinedelivers.com\/wp-content\/uploads\/2023\/12\/AGLPA_InfrastructureInvestmentSurvey_FR_Dec4-A.pdf\" target=\"_blank\" rel=\"noreferrer noopener\">T\u00e9l\u00e9charger<\/a><\/div>\n<\/div>\n<\/div>\n\n\n\n<div class=\"wp-block-column is-layout-flow wp-block-column-is-layout-flow\">\n<div class=\"wp-block-buttons is-layout-flex wp-block-buttons-is-layout-flex\">\n<div class=\"wp-block-button\"><a class=\"wp-block-button__link wp-element-button\" href=\"https:\/\/marinedelivers.com\/wp-content\/uploads\/2023\/12\/AGLPA_InfrastructureInvestmentSurvey_EN_Dec4-A.pdf\" target=\"_blank\" rel=\"noreferrer noopener\">Download<\/a><\/div>\n<\/div>\n<\/div>\n<\/div>\n\n\n\n<div style=\"height:31px\" aria-hidden=\"true\" class=\"wp-block-spacer\"><\/div>\n\n\n\n<h2 class=\"wp-block-heading\">Principaux constats<\/h2>\n\n\n\n<p>L\u2019\u00e9tude sur les investissements montre que <strong>10,9 milliards de dollars canadiens (8,4 milliards de dollars am\u00e9ricains)<\/strong> ont \u00e9t\u00e9 engag\u00e9s par les secteurs public et priv\u00e9 dans l\u2019infrastructure du syst\u00e8me des Grands Lacs \u2013 Voie maritime du Saint-Laurent pour la p\u00e9riode de 2018 \u00e0 2027.<\/p>\n\n\n\n<p>Ce niveau important d\u2019investissement met en lumi\u00e8re quatre faits cl\u00e9s :<\/p>\n\n\n\n<p><strong>Nous b\u00e2tissons sur nos forces concurrentielles<\/strong> \u2014 L\u2019industrie du transport maritime se concentre sur le maintien et le renforcement de son leadership en tant que mode de transport le plus efficace, fiable et durable pour le d\u00e9placement des marchandises;<\/p>\n\n\n\n<p><strong>Nous soutenons une croissance \u00e9conomique durable<\/strong> \u2014 Il est largement reconnu que la croissance \u00e9conomique et les ambitions de neutralit\u00e9 carbone ne peuvent \u00eatre atteintes sans des investissements importants dans le transport maritime;<\/p>\n\n\n\n<p><strong>Nous sommes essentiels \u00e0 l\u2019\u00e9conomie mondiale<\/strong> \u2014 L\u2019infrastructure de la Voie maritime et ses utilisateurs constituent un conduit cl\u00e9 pour l\u2019activit\u00e9 commerciale des entreprises nord-am\u00e9ricaines \u2014 un conduit vital qui n\u00e9cessite des investissements continus pour \u00eatre maintenu;<\/p>\n\n\n\n<p><strong>Notre industrie fait sa part<\/strong> \u2014 Alors que le monde conna\u00eet une transition historique vers des pratiques plus durables, l\u2019industrie du transport maritime investit activement des milliards pour \u00eatre un leader dans cette transition, sans compter uniquement sur les incitatifs.<\/p>\n\n\n\n<p>Le transport maritime continuera de jouer un r\u00f4le de premier plan en soutenant des emplois de qualit\u00e9, en maintenant la solidit\u00e9 de la cha\u00eene d\u2019approvisionnement et en favorisant une croissance \u00e9conomique durable gr\u00e2ce aux investissements substantiels r\u00e9alis\u00e9s en recherche et d\u00e9veloppement ainsi qu\u2019en infrastructure.<\/p>\n\n\n\n<h2 class=\"wp-block-heading\">Qui est Martin Associates ?<\/h2>\n\n\n\n<p>Martin Associates, bas\u00e9 \u00e0 Lancaster en Pennsylvanie, est un chef de file en mati\u00e8re d\u2019analyse \u00e9conomique et de services-conseils pour l\u2019industrie maritime. Depuis 1986, l\u2019entreprise a r\u00e9alis\u00e9 plus de 1 500 \u00e9tudes d\u2019impact \u00e9conomique, de planification strat\u00e9gique, de faisabilit\u00e9 financi\u00e8re et d\u2019\u00e9tudes de march\u00e9 pour des grands ports et syst\u00e8mes de voies navigables aux \u00c9tats-Unis et au Canada, ainsi que pour des ports en Europe, en Asie, en Afrique et dans les Cara\u00efbes. Les clients de Martin Associates incluent des autorit\u00e9s portuaires, des exploitants de terminaux maritimes, des groupes d\u2019investissement priv\u00e9s, des compagnies maritimes et les gouvernements f\u00e9d\u00e9ral, provinciaux et \u00e9tatiques, ainsi que des organisations commerciales maritimes.<\/p>\n\n\n\n<h2 class=\"wp-block-heading\">Notes sur l\u2019enqu\u00eate<\/h2>\n\n\n\n<p><strong>L\u2019\u00e9tude pr\u00e9sente une estimation prudente de l\u2019investissement global<\/strong> \u2013 plus de 800 entreprises et organismes gouvernementaux ont \u00e9t\u00e9 sond\u00e9s par Martin Associates pour produire cette \u00e9tude exhaustive, mais il existe n\u00e9anmoins des limites quant \u00e0 l\u2019information pouvant \u00eatre fournie. Plus pr\u00e9cis\u00e9ment, trois limites font en sorte que les chiffres pr\u00e9sent\u00e9s sont une estimation conservatrice de l\u2019investissement r\u00e9el :<\/p>\n\n\n\n<ol class=\"wp-block-list\">\n<li><strong>Limite du taux de r\u00e9ponse<\/strong> : l\u2019\u00e9tude a obtenu un taux de r\u00e9ponse impressionnant de pr\u00e8s de 70 % des organisations contact\u00e9es. Bien que ce soit un excellent taux, il faut comprendre qu\u2019aucune enqu\u00eate ne peut capturer l\u2019ensemble des investissements avec un taux de r\u00e9ponse parfait; il faut donc consid\u00e9rer que l\u2019investissement r\u00e9el est sup\u00e9rieur aux chiffres rapport\u00e9s.<\/li>\n\n\n\n<li><strong>Limite li\u00e9e \u00e0 l\u2019information confidentielle<\/strong> : pour cette \u00e9tude, les organisations ont \u00e9t\u00e9 tr\u00e8s transparentes concernant leurs investissements pass\u00e9s (souvent disponibles dans des documents publics). En revanche, elles ont \u00e9t\u00e9 moins pr\u00e9cises sur leurs investissements \u00e0 venir, certaines informations \u00e9tant confidentielles, ce qui complique le lien entre les investissements futurs et des activit\u00e9s sp\u00e9cifiques.<\/li>\n\n\n\n<li><strong>Seuls les nouveaux investissements sont pris en compte dans l\u2019\u00e9tude<\/strong> : comme l\u2019\u00e9tude se concentre sur les investissements visant \u00e0 am\u00e9liorer le transport maritime sur les Grands Lacs \u2013 Voie maritime du Saint-Laurent, les investissements de maintenance n\u2019ont pas \u00e9t\u00e9 inclus.<\/li>\n<\/ol>\n\n\n\n<h2 class=\"wp-block-heading\">Commanditaires de l\u2019enqu\u00eate<\/h2>\n\n\n\n<p>Martin Associates a \u00e9t\u00e9 mandat\u00e9 pour r\u00e9aliser cette analyse par une coalition d\u2019intervenants de l\u2019industrie maritime des Grands Lacs et du Saint-Laurent des \u00c9tats-Unis et du Canada. Les commanditaires de l\u2019\u00e9tude sont :<\/p>\n\n\n\n<figure class=\"wp-block-image aligncenter size-large is-resized\"><img loading=\"lazy\" decoding=\"async\" width=\"1024\" height=\"307\" src=\"https:\/\/marinedelivers.com\/wp-content\/uploads\/2023\/12\/Investment-Study-Sponsors-1024x307.png\" alt=\"\" class=\"wp-image-3807\" style=\"width:1200px;height:auto\" srcset=\"https:\/\/marinedelivers.com\/wp-content\/uploads\/2023\/12\/Investment-Study-Sponsors-1024x307.png 1024w, https:\/\/marinedelivers.com\/wp-content\/uploads\/2023\/12\/Investment-Study-Sponsors-300x90.png 300w, https:\/\/marinedelivers.com\/wp-content\/uploads\/2023\/12\/Investment-Study-Sponsors-768x230.png 768w, https:\/\/marinedelivers.com\/wp-content\/uploads\/2023\/12\/Investment-Study-Sponsors-1536x461.png 1536w, https:\/\/marinedelivers.com\/wp-content\/uploads\/2023\/12\/Investment-Study-Sponsors-2048x614.png 2048w\" sizes=\"auto, (max-width: 1024px) 100vw, 1024px\" \/><\/figure>\n\n\n\n<p><\/p>\n","protected":false},"excerpt":{"rendered":"<p>Martin Associates a \u00e9t\u00e9 mandat\u00e9 par une coalition d\u2019intervenants de&#8230;<\/p>\n","protected":false},"author":4,"featured_media":0,"parent":0,"menu_order":0,"comment_status":"closed","ping_status":"closed","template":"","meta":{"_acf_changed":false,"footnotes":""},"class_list":["post-4790","page","type-page","status-publish","hentry"],"acf":{"title_subheading":"","title_content":"","title_button":""},"yoast_head":"<!-- This site is optimized with the Yoast SEO plugin v27.3 - https:\/\/yoast.com\/product\/yoast-seo-wordpress\/ -->\n<title>Enqu\u00eate 2023 sur les investissements en infrastructure - Chambre de Commerce Maritime<\/title>\n<meta name=\"robots\" content=\"index, follow, max-snippet:-1, max-image-preview:large, max-video-preview:-1\" \/>\n<link rel=\"canonical\" href=\"https:\/\/marinedelivers.com\/fr\/enquete-2023-sur-les-investissements-en-infrastructure\/\" \/>\n<meta property=\"og:locale\" content=\"fr_FR\" \/>\n<meta property=\"og:type\" content=\"article\" \/>\n<meta property=\"og:title\" content=\"Enqu\u00eate 2023 sur les investissements en infrastructure - Chambre de Commerce Maritime\" \/>\n<meta property=\"og:description\" content=\"Martin Associates a \u00e9t\u00e9 mandat\u00e9 par une coalition d\u2019intervenants de...\" \/>\n<meta property=\"og:url\" content=\"https:\/\/marinedelivers.com\/fr\/enquete-2023-sur-les-investissements-en-infrastructure\/\" \/>\n<meta property=\"og:site_name\" content=\"Chambre de Commerce Maritime\" \/>\n<meta property=\"article:publisher\" content=\"https:\/\/www.facebook.com\/MarineDelivers\/\" \/>\n<meta property=\"article:modified_time\" content=\"2025-08-21T15:22:25+00:00\" \/>\n<meta property=\"og:image\" content=\"https:\/\/marinedelivers.com\/wp-content\/uploads\/2023\/12\/2023-Investment-Study-Cover-French.png\" \/>\n\t<meta property=\"og:image:width\" content=\"970\" \/>\n\t<meta property=\"og:image:height\" content=\"1254\" \/>\n\t<meta property=\"og:image:type\" content=\"image\/png\" \/>\n<meta name=\"twitter:card\" content=\"summary_large_image\" \/>\n<meta name=\"twitter:site\" content=\"@marinedelivers\" \/>\n<meta name=\"twitter:label1\" content=\"Dur\u00e9e de lecture estim\u00e9e\" \/>\n\t<meta name=\"twitter:data1\" content=\"4 minutes\" \/>\n<script type=\"application\/ld+json\" class=\"yoast-schema-graph\">{\"@context\":\"https:\\\/\\\/schema.org\",\"@graph\":[{\"@type\":\"WebPage\",\"@id\":\"https:\\\/\\\/marinedelivers.com\\\/fr\\\/enquete-2023-sur-les-investissements-en-infrastructure\\\/\",\"url\":\"https:\\\/\\\/marinedelivers.com\\\/fr\\\/enquete-2023-sur-les-investissements-en-infrastructure\\\/\",\"name\":\"Enqu\u00eate 2023 sur les investissements en infrastructure - Chambre de Commerce Maritime\",\"isPartOf\":{\"@id\":\"https:\\\/\\\/marinedelivers.com\\\/fr\\\/#website\"},\"primaryImageOfPage\":{\"@id\":\"https:\\\/\\\/marinedelivers.com\\\/fr\\\/enquete-2023-sur-les-investissements-en-infrastructure\\\/#primaryimage\"},\"image\":{\"@id\":\"https:\\\/\\\/marinedelivers.com\\\/fr\\\/enquete-2023-sur-les-investissements-en-infrastructure\\\/#primaryimage\"},\"thumbnailUrl\":\"https:\\\/\\\/marinedelivers.com\\\/wp-content\\\/uploads\\\/2023\\\/12\\\/2023-Investment-Study-Cover-French-792x1024.png\",\"datePublished\":\"2023-12-13T16:38:50+00:00\",\"dateModified\":\"2025-08-21T15:22:25+00:00\",\"breadcrumb\":{\"@id\":\"https:\\\/\\\/marinedelivers.com\\\/fr\\\/enquete-2023-sur-les-investissements-en-infrastructure\\\/#breadcrumb\"},\"inLanguage\":\"fr-FR\",\"potentialAction\":[{\"@type\":\"ReadAction\",\"target\":[\"https:\\\/\\\/marinedelivers.com\\\/fr\\\/enquete-2023-sur-les-investissements-en-infrastructure\\\/\"]}]},{\"@type\":\"ImageObject\",\"inLanguage\":\"fr-FR\",\"@id\":\"https:\\\/\\\/marinedelivers.com\\\/fr\\\/enquete-2023-sur-les-investissements-en-infrastructure\\\/#primaryimage\",\"url\":\"https:\\\/\\\/marinedelivers.com\\\/wp-content\\\/uploads\\\/2023\\\/12\\\/2023-Investment-Study-Cover-French-792x1024.png\",\"contentUrl\":\"https:\\\/\\\/marinedelivers.com\\\/wp-content\\\/uploads\\\/2023\\\/12\\\/2023-Investment-Study-Cover-French-792x1024.png\"},{\"@type\":\"BreadcrumbList\",\"@id\":\"https:\\\/\\\/marinedelivers.com\\\/fr\\\/enquete-2023-sur-les-investissements-en-infrastructure\\\/#breadcrumb\",\"itemListElement\":[{\"@type\":\"ListItem\",\"position\":1,\"name\":\"Home\",\"item\":\"https:\\\/\\\/marinedelivers.com\\\/fr\\\/\"},{\"@type\":\"ListItem\",\"position\":2,\"name\":\"Enqu\u00eate 2023 sur les investissements en infrastructure\"}]},{\"@type\":\"WebSite\",\"@id\":\"https:\\\/\\\/marinedelivers.com\\\/fr\\\/#website\",\"url\":\"https:\\\/\\\/marinedelivers.com\\\/fr\\\/\",\"name\":\"Chambre de Commerce Maritime\",\"description\":\"Marine delivers our exports to the world\",\"publisher\":{\"@id\":\"https:\\\/\\\/marinedelivers.com\\\/fr\\\/#organization\"},\"potentialAction\":[{\"@type\":\"SearchAction\",\"target\":{\"@type\":\"EntryPoint\",\"urlTemplate\":\"https:\\\/\\\/marinedelivers.com\\\/fr\\\/?s={search_term_string}\"},\"query-input\":{\"@type\":\"PropertyValueSpecification\",\"valueRequired\":true,\"valueName\":\"search_term_string\"}}],\"inLanguage\":\"fr-FR\"},{\"@type\":\"Organization\",\"@id\":\"https:\\\/\\\/marinedelivers.com\\\/fr\\\/#organization\",\"name\":\"Chamber of Marine Commerce\",\"url\":\"https:\\\/\\\/marinedelivers.com\\\/fr\\\/\",\"logo\":{\"@type\":\"ImageObject\",\"inLanguage\":\"fr-FR\",\"@id\":\"https:\\\/\\\/marinedelivers.com\\\/fr\\\/#\\\/schema\\\/logo\\\/image\\\/\",\"url\":\"http:\\\/\\\/marinedelivers.com\\\/wp-content\\\/uploads\\\/2023\\\/07\\\/cmc-logo.svg\",\"contentUrl\":\"http:\\\/\\\/marinedelivers.com\\\/wp-content\\\/uploads\\\/2023\\\/07\\\/cmc-logo.svg\",\"width\":1,\"height\":1,\"caption\":\"Chamber of Marine Commerce\"},\"image\":{\"@id\":\"https:\\\/\\\/marinedelivers.com\\\/fr\\\/#\\\/schema\\\/logo\\\/image\\\/\"},\"sameAs\":[\"https:\\\/\\\/www.facebook.com\\\/MarineDelivers\\\/\",\"https:\\\/\\\/x.com\\\/marinedelivers\"]}]}<\/script>\n<!-- \/ Yoast SEO plugin. -->","yoast_head_json":{"title":"Enqu\u00eate 2023 sur les investissements en infrastructure - Chambre de Commerce Maritime","robots":{"index":"index","follow":"follow","max-snippet":"max-snippet:-1","max-image-preview":"max-image-preview:large","max-video-preview":"max-video-preview:-1"},"canonical":"https:\/\/marinedelivers.com\/fr\/enquete-2023-sur-les-investissements-en-infrastructure\/","og_locale":"fr_FR","og_type":"article","og_title":"Enqu\u00eate 2023 sur les investissements en infrastructure - Chambre de Commerce Maritime","og_description":"Martin Associates a \u00e9t\u00e9 mandat\u00e9 par une coalition d\u2019intervenants de...","og_url":"https:\/\/marinedelivers.com\/fr\/enquete-2023-sur-les-investissements-en-infrastructure\/","og_site_name":"Chambre de Commerce Maritime","article_publisher":"https:\/\/www.facebook.com\/MarineDelivers\/","article_modified_time":"2025-08-21T15:22:25+00:00","og_image":[{"width":970,"height":1254,"url":"https:\/\/marinedelivers.com\/wp-content\/uploads\/2023\/12\/2023-Investment-Study-Cover-French.png","type":"image\/png"}],"twitter_card":"summary_large_image","twitter_site":"@marinedelivers","twitter_misc":{"Dur\u00e9e de lecture estim\u00e9e":"4 minutes"},"schema":{"@context":"https:\/\/schema.org","@graph":[{"@type":"WebPage","@id":"https:\/\/marinedelivers.com\/fr\/enquete-2023-sur-les-investissements-en-infrastructure\/","url":"https:\/\/marinedelivers.com\/fr\/enquete-2023-sur-les-investissements-en-infrastructure\/","name":"Enqu\u00eate 2023 sur les investissements en infrastructure - Chambre de Commerce Maritime","isPartOf":{"@id":"https:\/\/marinedelivers.com\/fr\/#website"},"primaryImageOfPage":{"@id":"https:\/\/marinedelivers.com\/fr\/enquete-2023-sur-les-investissements-en-infrastructure\/#primaryimage"},"image":{"@id":"https:\/\/marinedelivers.com\/fr\/enquete-2023-sur-les-investissements-en-infrastructure\/#primaryimage"},"thumbnailUrl":"https:\/\/marinedelivers.com\/wp-content\/uploads\/2023\/12\/2023-Investment-Study-Cover-French-792x1024.png","datePublished":"2023-12-13T16:38:50+00:00","dateModified":"2025-08-21T15:22:25+00:00","breadcrumb":{"@id":"https:\/\/marinedelivers.com\/fr\/enquete-2023-sur-les-investissements-en-infrastructure\/#breadcrumb"},"inLanguage":"fr-FR","potentialAction":[{"@type":"ReadAction","target":["https:\/\/marinedelivers.com\/fr\/enquete-2023-sur-les-investissements-en-infrastructure\/"]}]},{"@type":"ImageObject","inLanguage":"fr-FR","@id":"https:\/\/marinedelivers.com\/fr\/enquete-2023-sur-les-investissements-en-infrastructure\/#primaryimage","url":"https:\/\/marinedelivers.com\/wp-content\/uploads\/2023\/12\/2023-Investment-Study-Cover-French-792x1024.png","contentUrl":"https:\/\/marinedelivers.com\/wp-content\/uploads\/2023\/12\/2023-Investment-Study-Cover-French-792x1024.png"},{"@type":"BreadcrumbList","@id":"https:\/\/marinedelivers.com\/fr\/enquete-2023-sur-les-investissements-en-infrastructure\/#breadcrumb","itemListElement":[{"@type":"ListItem","position":1,"name":"Home","item":"https:\/\/marinedelivers.com\/fr\/"},{"@type":"ListItem","position":2,"name":"Enqu\u00eate 2023 sur les investissements en infrastructure"}]},{"@type":"WebSite","@id":"https:\/\/marinedelivers.com\/fr\/#website","url":"https:\/\/marinedelivers.com\/fr\/","name":"Chambre de Commerce Maritime","description":"Marine delivers our exports to the world","publisher":{"@id":"https:\/\/marinedelivers.com\/fr\/#organization"},"potentialAction":[{"@type":"SearchAction","target":{"@type":"EntryPoint","urlTemplate":"https:\/\/marinedelivers.com\/fr\/?s={search_term_string}"},"query-input":{"@type":"PropertyValueSpecification","valueRequired":true,"valueName":"search_term_string"}}],"inLanguage":"fr-FR"},{"@type":"Organization","@id":"https:\/\/marinedelivers.com\/fr\/#organization","name":"Chamber of Marine Commerce","url":"https:\/\/marinedelivers.com\/fr\/","logo":{"@type":"ImageObject","inLanguage":"fr-FR","@id":"https:\/\/marinedelivers.com\/fr\/#\/schema\/logo\/image\/","url":"http:\/\/marinedelivers.com\/wp-content\/uploads\/2023\/07\/cmc-logo.svg","contentUrl":"http:\/\/marinedelivers.com\/wp-content\/uploads\/2023\/07\/cmc-logo.svg","width":1,"height":1,"caption":"Chamber of Marine Commerce"},"image":{"@id":"https:\/\/marinedelivers.com\/fr\/#\/schema\/logo\/image\/"},"sameAs":["https:\/\/www.facebook.com\/MarineDelivers\/","https:\/\/x.com\/marinedelivers"]}]}},"_links":{"self":[{"href":"https:\/\/marinedelivers.com\/fr\/wp-json\/wp\/v2\/pages\/4790","targetHints":{"allow":["GET"]}}],"collection":[{"href":"https:\/\/marinedelivers.com\/fr\/wp-json\/wp\/v2\/pages"}],"about":[{"href":"https:\/\/marinedelivers.com\/fr\/wp-json\/wp\/v2\/types\/page"}],"author":[{"embeddable":true,"href":"https:\/\/marinedelivers.com\/fr\/wp-json\/wp\/v2\/users\/4"}],"replies":[{"embeddable":true,"href":"https:\/\/marinedelivers.com\/fr\/wp-json\/wp\/v2\/comments?post=4790"}],"version-history":[{"count":2,"href":"https:\/\/marinedelivers.com\/fr\/wp-json\/wp\/v2\/pages\/4790\/revisions"}],"predecessor-version":[{"id":4793,"href":"https:\/\/marinedelivers.com\/fr\/wp-json\/wp\/v2\/pages\/4790\/revisions\/4793"}],"wp:attachment":[{"href":"https:\/\/marinedelivers.com\/fr\/wp-json\/wp\/v2\/media?parent=4790"}],"curies":[{"name":"wp","href":"https:\/\/api.w.org\/{rel}","templated":true}]}}