{"id":2696,"date":"2023-07-18T17:16:36","date_gmt":"2023-07-18T21:16:36","guid":{"rendered":"http:\/\/localhost:10089\/?page_id=2696"},"modified":"2025-09-11T14:31:24","modified_gmt":"2025-09-11T18:31:24","slug":"environnement","status":"publish","type":"page","link":"https:\/\/marinedelivers.com\/fr\/environnement\/","title":{"rendered":"Environnement"},"content":{"rendered":"\n<div class=\"wp-block-columns is-layout-flex wp-container-core-columns-is-layout-9d6595d7 wp-block-columns-is-layout-flex\">\n<div class=\"wp-block-column is-layout-flow wp-block-column-is-layout-flow\" style=\"flex-basis:70%\">\n<p class=\"lead onScroll has-large-font-size\" style=\"font-style:normal;font-weight:500\">Transport \u00e9cologique \u2013 Le transport maritime int\u00e9rieure et c\u00f4tier offre d\u2019\u00e9normes possibilit\u00e9s de d\u00e9veloppement et d\u2019appui aux ambitions nord-am\u00e9ricaines de r\u00e9aliser des progr\u00e8s \u00e9conomiques et environnementaux. Les navires repr\u00e9sentent la fa\u00e7on la plus \u00e9conomique en carburant de transporter des marchandises avec le moins d\u2019\u00e9missions de carbone.<\/p>\n\n\n\n<p class=\"lead onScroll\">Les ports, les terminaux, la Voie maritime du Saint-Laurent et les armateurs s\u2019efforcent de r\u00e9duire davantage l\u2019empreinte environnementale de l\u2019industrie en investissant des milliards de dollars dans de nouveaux navires et technologies et en participant \u00e0 des programmes d\u2019am\u00e9lioration comme Alliance Verte.<\/p>\n\n\n\n<figure class=\"wp-block-image size-large onScroll\"><img loading=\"lazy\" decoding=\"async\" width=\"1024\" height=\"576\" src=\"http:\/\/marinedelivers.com\/wp-content\/uploads\/2023\/07\/DJI_0009Cleaned-copy-e1547583921816-1024x576.jpg\" alt=\"\" class=\"wp-image-839\" srcset=\"https:\/\/marinedelivers.com\/wp-content\/uploads\/2023\/07\/DJI_0009Cleaned-copy-e1547583921816-1024x576.jpg 1024w, https:\/\/marinedelivers.com\/wp-content\/uploads\/2023\/07\/DJI_0009Cleaned-copy-e1547583921816-300x169.jpg 300w, https:\/\/marinedelivers.com\/wp-content\/uploads\/2023\/07\/DJI_0009Cleaned-copy-e1547583921816-768x432.jpg 768w, https:\/\/marinedelivers.com\/wp-content\/uploads\/2023\/07\/DJI_0009Cleaned-copy-e1547583921816-1536x864.jpg 1536w, https:\/\/marinedelivers.com\/wp-content\/uploads\/2023\/07\/DJI_0009Cleaned-copy-e1547583921816-2048x1152.jpg 2048w\" sizes=\"auto, (max-width: 1024px) 100vw, 1024px\" \/><\/figure>\n\n\n\n<div style=\"height:5vh\" aria-hidden=\"true\" class=\"wp-block-spacer\"><\/div>\n\n\n\n<h2 class=\"wp-block-heading onScroll\">L\u2019augmentation du transport maritime int\u00e9rieure et c\u00f4tier fait partie de la solution au changement climatique.<\/h2>\n\n\n\n<p class=\"onScroll\">Les navires consomment en moyenne 7 fois moins de carburant que les camions et 1,14 fois moins que les trains. Les trains et les camions \u00e9mettraient respectivement 19 % et 533 % plus de gaz \u00e0 effet de serre par tonne de marchandises\/kilom\u00e8tre s\u2019ils en transportaient autant et sur les m\u00eames distances que la flotte des Grands Lacs et du Saint-Laurent.<\/p>\n\n\n\n<figure class=\"wp-block-image size-large\"><img loading=\"lazy\" decoding=\"async\" width=\"1024\" height=\"280\" src=\"http:\/\/marinedelivers.com\/wp-content\/uploads\/2023\/08\/environment_1-1024x280.jpeg\" alt=\"\" class=\"wp-image-1185\" srcset=\"https:\/\/marinedelivers.com\/wp-content\/uploads\/2023\/08\/environment_1-1024x280.jpeg 1024w, https:\/\/marinedelivers.com\/wp-content\/uploads\/2023\/08\/environment_1-300x82.jpeg 300w, https:\/\/marinedelivers.com\/wp-content\/uploads\/2023\/08\/environment_1-768x210.jpeg 768w, https:\/\/marinedelivers.com\/wp-content\/uploads\/2023\/08\/environment_1.jpeg 1120w\" sizes=\"auto, (max-width: 1024px) 100vw, 1024px\" \/><\/figure>\n\n\n\n<figure class=\"wp-block-image size-full is-resized\"><img loading=\"lazy\" decoding=\"async\" width=\"1000\" height=\"410\" src=\"http:\/\/marinedelivers.com\/wp-content\/uploads\/2023\/08\/environment_3.jpeg\" alt=\"\" class=\"wp-image-1187\" style=\"width:633px;height:259px\" srcset=\"https:\/\/marinedelivers.com\/wp-content\/uploads\/2023\/08\/environment_3.jpeg 1000w, https:\/\/marinedelivers.com\/wp-content\/uploads\/2023\/08\/environment_3-300x123.jpeg 300w, https:\/\/marinedelivers.com\/wp-content\/uploads\/2023\/08\/environment_3-768x315.jpeg 768w\" sizes=\"auto, (max-width: 1000px) 100vw, 1000px\" \/><\/figure>\n\n\n\n<div style=\"height:39px\" aria-hidden=\"true\" class=\"wp-block-spacer\"><\/div>\n\n\n\n<p>Les navires sont capables de transporter des quantit\u00e9s impressionnantes de marchandises en un seul voyage. Gr\u00e2ce \u00e0 leur capacit\u00e9 de transport, les navires r\u00e9duisent la congestion routi\u00e8re et les co\u00fbts d\u2019entretien des autoroutes. Il faudrait 7,1 millions de voyages en camion pour transporter la m\u00eame quantit\u00e9 de marchandises que ce que la flotte des Grands Lacs et du Saint-Laurent achemine chaque ann\u00e9e. Cela \u00e9quivaut \u00e0 une augmentation de l\u2019ordre de 35 % \u00e0 100 % du nombre de camions sur nos routes, tout d\u00e9pendant du r\u00e9seau routier. Si on transportait par camions les marchandises qui empruntent \u00e0 l\u2019heure actuelle les Grands Lacs et la Voie maritime, les co\u00fbts d\u2019entretien des autoroutes atteindraient les 4,6 milliards $ sur 60 ans.<\/p>\n\n\n\n<figure class=\"wp-block-image size-full is-resized\"><img loading=\"lazy\" decoding=\"async\" width=\"703\" height=\"177\" src=\"http:\/\/marinedelivers.com\/wp-content\/uploads\/2023\/08\/single-trip.jpeg\" alt=\"\" class=\"wp-image-1183\" style=\"width:687px;height:173px\" srcset=\"https:\/\/marinedelivers.com\/wp-content\/uploads\/2023\/08\/single-trip.jpeg 703w, https:\/\/marinedelivers.com\/wp-content\/uploads\/2023\/08\/single-trip-300x76.jpeg 300w\" sizes=\"auto, (max-width: 703px) 100vw, 703px\" \/><\/figure>\n\n\n\n<h2 class=\"wp-block-heading\">Navires \u00e9cologiques<\/h2>\n\n\n\n<p>Au cours des 10 derni\u00e8res ann\u00e9es, plus de 4 milliards $ ont \u00e9t\u00e9 d\u00e9pens\u00e9s afin de r\u00e9nover et construire de nouveaux navires domestiques et oc\u00e9aniques. Ceux-ci sont dotes de la derni\u00e8re technologie en mati\u00e8re de moteurs et de conceptions de coques qui permettent de r\u00e9duire la consommation de carburant et les \u00e9missions atmosph\u00e9riques; doubles coques afin d\u2019\u00e9viter les d\u00e9versements en cas d\u2019accident et syst\u00e8mes de manutention de cargaison pour minimiser la poussi\u00e8re et les r\u00e9sidus des cargaisons. <\/p>\n\n\n\n<h2 class=\"wp-block-heading\">Progr\u00e8s dans la r\u00e9duction des \u00e9missions de GES des navires<\/h2>\n\n\n\n<p>Au Canada, le plus r\u00e9cent inventaire f\u00e9d\u00e9ral des \u00e9missions publi\u00e9 en 2021, bas\u00e9 sur les donn\u00e9es de 2019, indique que le secteur de la navigation int\u00e9rieure canadienne repr\u00e9sente seulement 0,59 % des \u00e9missions nationales de CO\u2082 du Canada. Le secteur de la navigation int\u00e9rieure, tel que d\u00e9fini dans l\u2019inventaire, inclut les navires de p\u00eache, les traversiers, la Garde c\u00f4ti\u00e8re canadienne et les navires militaires ainsi que les transporteurs de marchandises.<\/p>\n\n\n\n<p>La flotte des membres du CMC, qui comprend des vraquiers, des p\u00e9troliers et des remorqueurs avec barges articul\u00e9es, repr\u00e9sentait 19 % des \u00e9missions du secteur de la navigation int\u00e9rieure en 2017.<\/p>\n\n\n\n<p><strong>Gr\u00e2ce \u00e0 leurs efforts collectifs, les exploitants de navires du CMC ont r\u00e9duit leurs \u00e9missions totales de carbone de 183 000 tonnes, soit 19 %, entre 2008 et 2017 (derni\u00e8re ann\u00e9e pour laquelle des donn\u00e9es sont disponibles).<\/strong><\/p>\n\n\n\n<figure class=\"wp-block-image size-large is-resized\"><img loading=\"lazy\" decoding=\"async\" width=\"1024\" height=\"829\" src=\"http:\/\/marinedelivers.com\/wp-content\/uploads\/2023\/08\/CANADAS-GHG-EMISSIONS-BY-IPCC-SECTOR-2019V3-scaled-1-1024x829.jpeg\" alt=\"\" class=\"wp-image-1197\" style=\"width:402px;height:326px\" srcset=\"https:\/\/marinedelivers.com\/wp-content\/uploads\/2023\/08\/CANADAS-GHG-EMISSIONS-BY-IPCC-SECTOR-2019V3-scaled-1-1024x829.jpeg 1024w, https:\/\/marinedelivers.com\/wp-content\/uploads\/2023\/08\/CANADAS-GHG-EMISSIONS-BY-IPCC-SECTOR-2019V3-scaled-1-300x243.jpeg 300w, https:\/\/marinedelivers.com\/wp-content\/uploads\/2023\/08\/CANADAS-GHG-EMISSIONS-BY-IPCC-SECTOR-2019V3-scaled-1-768x622.jpeg 768w, https:\/\/marinedelivers.com\/wp-content\/uploads\/2023\/08\/CANADAS-GHG-EMISSIONS-BY-IPCC-SECTOR-2019V3-scaled-1-1536x1243.jpeg 1536w, https:\/\/marinedelivers.com\/wp-content\/uploads\/2023\/08\/CANADAS-GHG-EMISSIONS-BY-IPCC-SECTOR-2019V3-scaled-1-2048x1658.jpeg 2048w\" sizes=\"auto, (max-width: 1024px) 100vw, 1024px\" \/><\/figure>\n\n\n\n<div style=\"height:37px\" aria-hidden=\"true\" class=\"wp-block-spacer\"><\/div>\n\n\n\n<h2 class=\"wp-block-heading\">Tester de nouveaux \u00e9quipements et des carburants \u00e0 plus faible teneur en carbone<\/h2>\n\n\n\n<p>Nos exploitants de navires s\u2019engagent \u00e0 r\u00e9duire encore davantage leur empreinte carbone et ont pris diverses mesures, notamment :<\/p>\n\n\n\n<ul class=\"wp-block-list\">\n<li>Poursuivre le renouvellement de la flotte<\/li>\n\n\n\n<li>Participer au programme d\u2019am\u00e9lioration environnementale Green Marine<\/li>\n\n\n\n<li>R\u00e9aliser des audits \u00e9nerg\u00e9tiques et surveiller la consommation de carburant afin d\u2019adopter des pratiques op\u00e9rationnelles plus efficaces<\/li>\n\n\n\n<li>Installer de nouveaux \u00e9quipements<\/li>\n\n\n\n<li>Adopter des carburants \u00e0 plus faible \u00e9mission de carbone. Par exemple, l\u2019un de nos exploitants teste des biocarburants pour alimenter les moteurs principaux de navires naviguant dans les Grands Lacs, et un autre a introduit cinq nouveaux p\u00e9troliers \u00e0 double carburant au GNL au cours des deux derni\u00e8res ann\u00e9es.<\/li>\n<\/ul>\n\n\n\n<h2 class=\"wp-block-heading\">Objectifs \u00e0 long terme de r\u00e9duction des \u00e9missions de GES<\/h2>\n\n\n\n<p>L\u2019agence des Nations Unies qui r\u00e9git les r\u00e8gles mondiales pour la s\u00e9curit\u00e9 maritime et la protection de l\u2019environnement marin, l\u2019Organisation maritime internationale (OMI), s\u2019est engag\u00e9e \u00e0 r\u00e9duire de 50 % les \u00e9missions de GES du transport maritime d\u2019ici 2050 par rapport \u00e0 2008, en termes absolus. Cela signifie que, peu importe l\u2019expansion de l\u2019\u00e9conomie mondiale et l\u2019augmentation du commerce, les \u00e9missions totales de GES du transport maritime en 2050 devront \u00eatre la moiti\u00e9 de celles de 2008.<\/p>\n\n\n\n<p>Au niveau national, le Canada vise une r\u00e9duction de 30 % de toutes ses \u00e9missions de GES d\u2019ici 2030 par rapport aux niveaux de 2005, et des travaux sont en cours pour atteindre des r\u00e9ductions suppl\u00e9mentaires au-del\u00e0 de cet objectif.<\/p>\n\n\n\n<p>Atteindre ces objectifs \u00e0 plus long terme n\u00e9cessitera des investissements mondiaux importants en recherche et d\u00e9veloppement ainsi que le d\u00e9ploiement de nouvelles technologies et syst\u00e8mes de propulsion \u00e0 z\u00e9ro \u00e9mission de carbone, tels que l\u2019hydrog\u00e8ne vert, l\u2019ammoniac, les piles \u00e0 combustible, les batteries et les carburants synth\u00e9tiques produits \u00e0 partir de sources d\u2019\u00e9nergie renouvelables. Dans cette optique, la Chambre appuie la proposition de l\u2019industrie maritime mondiale que l\u2019OMI cr\u00e9e un Fonds international de recherche marine, financ\u00e9 par l\u2019industrie, qui devrait fournir environ 5 milliards de dollars pour soutenir la recherche et le d\u00e9veloppement de ces technologies.<\/p>\n\n\n\n<p>La Chambre continuera de collaborer avec la communaut\u00e9 maritime internationale et le gouvernement canadien afin de faire progresser des solutions efficaces permettant \u00e0 l\u2019industrie d\u2019atteindre les objectifs globaux attendus par les Canadiens.<\/p>\n\n\n\n<div style=\"height:37px\" aria-hidden=\"true\" class=\"wp-block-spacer\"><\/div>\n\n\n\n<h2 class=\"wp-block-heading\">Faire progresser le transport \u00e9cologique<\/h2>\n\n\n\n<figure class=\"wp-block-image size-full is-resized\"><a href=\"https:\/\/allianceverte.org\/\" target=\"_blank\" rel=\" noreferrer noopener\"><img loading=\"lazy\" decoding=\"async\" width=\"396\" height=\"432\" src=\"https:\/\/marinedelivers.com\/wp-content\/uploads\/2025\/09\/Screenshot-2025-09-11-at-2.28.54-PM.png\" alt=\"\" class=\"wp-image-4983\" style=\"width:220px;height:auto\" srcset=\"https:\/\/marinedelivers.com\/wp-content\/uploads\/2025\/09\/Screenshot-2025-09-11-at-2.28.54-PM.png 396w, https:\/\/marinedelivers.com\/wp-content\/uploads\/2025\/09\/Screenshot-2025-09-11-at-2.28.54-PM-275x300.png 275w\" sizes=\"auto, (max-width: 396px) 100vw, 396px\" \/><\/a><\/figure>\n\n\n\n<p>L\u2019industrie maritime contribue au-del\u00e0 de ses obligations de am\u00e9liorer volontairement tous les aspects de son empreinte gr\u00e2ce au programme de certification environnementale Alliance Verte. Les ports, les terminaux, les armateurs, les entreprises et les chantiers navals de la Voie maritime prennent des mesures concr\u00e8tes &nbsp;et mesurables pour r\u00e9soudre 15 principaux probl\u00e8mes environnementaux, notamment les \u00e9missions atmosph\u00e9riques, la gestion des d\u00e9chets et les eaux de ballast, la protection des mammif\u00e8res marins et la pollution sonore. Pour obtenir leur certification, les participants doivent adapter leur rendement environnemental annuel au moyen des guides d\u2019auto-\u00e9valuation d\u00e9taill\u00e9s du programme, faire v\u00e9rifier leurs r\u00e9sultats par un v\u00e9rificateur externe accr\u00e9dit\u00e9 et accepter la publication de leurs r\u00e9sultats individuels.&nbsp;<a href=\"https:\/\/allianceverte.org\/\" target=\"_blank\" rel=\"noreferrer noopener\">En&nbsp;savoir&nbsp;plus &gt;<\/a><\/p>\n\n\n\n<h2 class=\"wp-block-heading\">Protections efficaces contre les esp\u00e8ces envahissantes<\/h2>\n\n\n\n<p>L\u2019industrie maritime s\u2019est engag\u00e9e \u00e0 r\u00e9duire voire \u00e0 \u00e9liminer son r\u00f4le dans le mouvement des esp\u00e8ces aquatiques nuisibles. De nos jours, le syst\u00e8me des Grands Lacs et de la voie navigable du Saint-Laurent pr\u00e9sente, en mati\u00e8re de gestion des eaux de ballast et d\u2019inspection, les r\u00e8glements les plus stricts au monde. Depuis l\u2019introduction des derni\u00e8res mesures en 2006, aucune nouvelle esp\u00e8ce aquatique nuisible n\u2019a \u00e9t\u00e9 d\u00e9couverte dans les Grands Lacs en raison des eaux de ballast.&nbsp; Les r\u00e8glements internationaux exigent maintenant qu\u2019on installe une technologie de traitement des eaux de ballast \u00e0 bord de tous les navires oc\u00e9aniques.<\/p>\n\n\n\n<hr class=\"wp-block-separator has-alpha-channel-opacity\"\/>\n<\/div>\n<\/div>\n\n\n\n<p><\/p>\n","protected":false},"excerpt":{"rendered":"<p>Transport \u00e9cologique \u2013 Le transport maritime int\u00e9rieure et c\u00f4tier offre&#8230;<\/p>\n","protected":false},"author":3,"featured_media":0,"parent":0,"menu_order":0,"comment_status":"closed","ping_status":"closed","template":"","meta":{"_acf_changed":false,"footnotes":""},"class_list":["post-2696","page","type-page","status-publish","hentry"],"acf":{"title_subheading":"","title_content":"","title_button":""},"yoast_head":"<!-- This site is optimized with the Yoast SEO plugin v27.3 - https:\/\/yoast.com\/product\/yoast-seo-wordpress\/ -->\n<title>Environnement - Chambre de Commerce Maritime<\/title>\n<meta name=\"robots\" content=\"index, follow, max-snippet:-1, max-image-preview:large, max-video-preview:-1\" \/>\n<link rel=\"canonical\" href=\"https:\/\/marinedelivers.com\/fr\/environnement\/\" \/>\n<meta property=\"og:locale\" content=\"fr_FR\" \/>\n<meta property=\"og:type\" content=\"article\" \/>\n<meta property=\"og:title\" content=\"Environnement - Chambre de Commerce Maritime\" \/>\n<meta property=\"og:description\" content=\"Transport \u00e9cologique \u2013 Le transport maritime int\u00e9rieure et c\u00f4tier offre...\" \/>\n<meta property=\"og:url\" content=\"https:\/\/marinedelivers.com\/fr\/environnement\/\" \/>\n<meta property=\"og:site_name\" content=\"Chambre de Commerce Maritime\" \/>\n<meta property=\"article:publisher\" content=\"https:\/\/www.facebook.com\/MarineDelivers\/\" \/>\n<meta property=\"article:modified_time\" content=\"2025-09-11T18:31:24+00:00\" \/>\n<meta property=\"og:image\" content=\"https:\/\/marinedelivers.com\/wp-content\/uploads\/2023\/07\/DJI_0009Cleaned-copy-e1547583921816-scaled.jpg\" \/>\n\t<meta property=\"og:image:width\" content=\"2560\" \/>\n\t<meta property=\"og:image:height\" content=\"1439\" \/>\n\t<meta property=\"og:image:type\" content=\"image\/jpeg\" \/>\n<meta name=\"twitter:card\" content=\"summary_large_image\" \/>\n<meta name=\"twitter:site\" content=\"@marinedelivers\" \/>\n<meta name=\"twitter:label1\" content=\"Dur\u00e9e de lecture estim\u00e9e\" \/>\n\t<meta name=\"twitter:data1\" content=\"7 minutes\" \/>\n<script type=\"application\/ld+json\" class=\"yoast-schema-graph\">{\"@context\":\"https:\\\/\\\/schema.org\",\"@graph\":[{\"@type\":\"WebPage\",\"@id\":\"https:\\\/\\\/marinedelivers.com\\\/fr\\\/environnement\\\/\",\"url\":\"https:\\\/\\\/marinedelivers.com\\\/fr\\\/environnement\\\/\",\"name\":\"Environnement - Chambre de Commerce Maritime\",\"isPartOf\":{\"@id\":\"https:\\\/\\\/marinedelivers.com\\\/fr\\\/#website\"},\"primaryImageOfPage\":{\"@id\":\"https:\\\/\\\/marinedelivers.com\\\/fr\\\/environnement\\\/#primaryimage\"},\"image\":{\"@id\":\"https:\\\/\\\/marinedelivers.com\\\/fr\\\/environnement\\\/#primaryimage\"},\"thumbnailUrl\":\"http:\\\/\\\/marinedelivers.com\\\/wp-content\\\/uploads\\\/2023\\\/07\\\/DJI_0009Cleaned-copy-e1547583921816-1024x576.jpg\",\"datePublished\":\"2023-07-18T21:16:36+00:00\",\"dateModified\":\"2025-09-11T18:31:24+00:00\",\"breadcrumb\":{\"@id\":\"https:\\\/\\\/marinedelivers.com\\\/fr\\\/environnement\\\/#breadcrumb\"},\"inLanguage\":\"fr-FR\",\"potentialAction\":[{\"@type\":\"ReadAction\",\"target\":[\"https:\\\/\\\/marinedelivers.com\\\/fr\\\/environnement\\\/\"]}]},{\"@type\":\"ImageObject\",\"inLanguage\":\"fr-FR\",\"@id\":\"https:\\\/\\\/marinedelivers.com\\\/fr\\\/environnement\\\/#primaryimage\",\"url\":\"http:\\\/\\\/marinedelivers.com\\\/wp-content\\\/uploads\\\/2023\\\/07\\\/DJI_0009Cleaned-copy-e1547583921816-1024x576.jpg\",\"contentUrl\":\"http:\\\/\\\/marinedelivers.com\\\/wp-content\\\/uploads\\\/2023\\\/07\\\/DJI_0009Cleaned-copy-e1547583921816-1024x576.jpg\"},{\"@type\":\"BreadcrumbList\",\"@id\":\"https:\\\/\\\/marinedelivers.com\\\/fr\\\/environnement\\\/#breadcrumb\",\"itemListElement\":[{\"@type\":\"ListItem\",\"position\":1,\"name\":\"Home\",\"item\":\"https:\\\/\\\/marinedelivers.com\\\/fr\\\/\"},{\"@type\":\"ListItem\",\"position\":2,\"name\":\"Environnement\"}]},{\"@type\":\"WebSite\",\"@id\":\"https:\\\/\\\/marinedelivers.com\\\/fr\\\/#website\",\"url\":\"https:\\\/\\\/marinedelivers.com\\\/fr\\\/\",\"name\":\"Chambre de Commerce Maritime\",\"description\":\"Marine delivers our exports to the world\",\"publisher\":{\"@id\":\"https:\\\/\\\/marinedelivers.com\\\/fr\\\/#organization\"},\"potentialAction\":[{\"@type\":\"SearchAction\",\"target\":{\"@type\":\"EntryPoint\",\"urlTemplate\":\"https:\\\/\\\/marinedelivers.com\\\/fr\\\/?s={search_term_string}\"},\"query-input\":{\"@type\":\"PropertyValueSpecification\",\"valueRequired\":true,\"valueName\":\"search_term_string\"}}],\"inLanguage\":\"fr-FR\"},{\"@type\":\"Organization\",\"@id\":\"https:\\\/\\\/marinedelivers.com\\\/fr\\\/#organization\",\"name\":\"Chamber of Marine Commerce\",\"url\":\"https:\\\/\\\/marinedelivers.com\\\/fr\\\/\",\"logo\":{\"@type\":\"ImageObject\",\"inLanguage\":\"fr-FR\",\"@id\":\"https:\\\/\\\/marinedelivers.com\\\/fr\\\/#\\\/schema\\\/logo\\\/image\\\/\",\"url\":\"http:\\\/\\\/marinedelivers.com\\\/wp-content\\\/uploads\\\/2023\\\/07\\\/cmc-logo.svg\",\"contentUrl\":\"http:\\\/\\\/marinedelivers.com\\\/wp-content\\\/uploads\\\/2023\\\/07\\\/cmc-logo.svg\",\"width\":1,\"height\":1,\"caption\":\"Chamber of Marine Commerce\"},\"image\":{\"@id\":\"https:\\\/\\\/marinedelivers.com\\\/fr\\\/#\\\/schema\\\/logo\\\/image\\\/\"},\"sameAs\":[\"https:\\\/\\\/www.facebook.com\\\/MarineDelivers\\\/\",\"https:\\\/\\\/x.com\\\/marinedelivers\"]}]}<\/script>\n<!-- \/ Yoast SEO plugin. -->","yoast_head_json":{"title":"Environnement - Chambre de Commerce Maritime","robots":{"index":"index","follow":"follow","max-snippet":"max-snippet:-1","max-image-preview":"max-image-preview:large","max-video-preview":"max-video-preview:-1"},"canonical":"https:\/\/marinedelivers.com\/fr\/environnement\/","og_locale":"fr_FR","og_type":"article","og_title":"Environnement - Chambre de Commerce Maritime","og_description":"Transport \u00e9cologique \u2013 Le transport maritime int\u00e9rieure et c\u00f4tier offre...","og_url":"https:\/\/marinedelivers.com\/fr\/environnement\/","og_site_name":"Chambre de Commerce Maritime","article_publisher":"https:\/\/www.facebook.com\/MarineDelivers\/","article_modified_time":"2025-09-11T18:31:24+00:00","og_image":[{"width":2560,"height":1439,"url":"https:\/\/marinedelivers.com\/wp-content\/uploads\/2023\/07\/DJI_0009Cleaned-copy-e1547583921816-scaled.jpg","type":"image\/jpeg"}],"twitter_card":"summary_large_image","twitter_site":"@marinedelivers","twitter_misc":{"Dur\u00e9e de lecture estim\u00e9e":"7 minutes"},"schema":{"@context":"https:\/\/schema.org","@graph":[{"@type":"WebPage","@id":"https:\/\/marinedelivers.com\/fr\/environnement\/","url":"https:\/\/marinedelivers.com\/fr\/environnement\/","name":"Environnement - Chambre de Commerce Maritime","isPartOf":{"@id":"https:\/\/marinedelivers.com\/fr\/#website"},"primaryImageOfPage":{"@id":"https:\/\/marinedelivers.com\/fr\/environnement\/#primaryimage"},"image":{"@id":"https:\/\/marinedelivers.com\/fr\/environnement\/#primaryimage"},"thumbnailUrl":"http:\/\/marinedelivers.com\/wp-content\/uploads\/2023\/07\/DJI_0009Cleaned-copy-e1547583921816-1024x576.jpg","datePublished":"2023-07-18T21:16:36+00:00","dateModified":"2025-09-11T18:31:24+00:00","breadcrumb":{"@id":"https:\/\/marinedelivers.com\/fr\/environnement\/#breadcrumb"},"inLanguage":"fr-FR","potentialAction":[{"@type":"ReadAction","target":["https:\/\/marinedelivers.com\/fr\/environnement\/"]}]},{"@type":"ImageObject","inLanguage":"fr-FR","@id":"https:\/\/marinedelivers.com\/fr\/environnement\/#primaryimage","url":"http:\/\/marinedelivers.com\/wp-content\/uploads\/2023\/07\/DJI_0009Cleaned-copy-e1547583921816-1024x576.jpg","contentUrl":"http:\/\/marinedelivers.com\/wp-content\/uploads\/2023\/07\/DJI_0009Cleaned-copy-e1547583921816-1024x576.jpg"},{"@type":"BreadcrumbList","@id":"https:\/\/marinedelivers.com\/fr\/environnement\/#breadcrumb","itemListElement":[{"@type":"ListItem","position":1,"name":"Home","item":"https:\/\/marinedelivers.com\/fr\/"},{"@type":"ListItem","position":2,"name":"Environnement"}]},{"@type":"WebSite","@id":"https:\/\/marinedelivers.com\/fr\/#website","url":"https:\/\/marinedelivers.com\/fr\/","name":"Chambre de Commerce Maritime","description":"Marine delivers our exports to the world","publisher":{"@id":"https:\/\/marinedelivers.com\/fr\/#organization"},"potentialAction":[{"@type":"SearchAction","target":{"@type":"EntryPoint","urlTemplate":"https:\/\/marinedelivers.com\/fr\/?s={search_term_string}"},"query-input":{"@type":"PropertyValueSpecification","valueRequired":true,"valueName":"search_term_string"}}],"inLanguage":"fr-FR"},{"@type":"Organization","@id":"https:\/\/marinedelivers.com\/fr\/#organization","name":"Chamber of Marine Commerce","url":"https:\/\/marinedelivers.com\/fr\/","logo":{"@type":"ImageObject","inLanguage":"fr-FR","@id":"https:\/\/marinedelivers.com\/fr\/#\/schema\/logo\/image\/","url":"http:\/\/marinedelivers.com\/wp-content\/uploads\/2023\/07\/cmc-logo.svg","contentUrl":"http:\/\/marinedelivers.com\/wp-content\/uploads\/2023\/07\/cmc-logo.svg","width":1,"height":1,"caption":"Chamber of Marine Commerce"},"image":{"@id":"https:\/\/marinedelivers.com\/fr\/#\/schema\/logo\/image\/"},"sameAs":["https:\/\/www.facebook.com\/MarineDelivers\/","https:\/\/x.com\/marinedelivers"]}]}},"_links":{"self":[{"href":"https:\/\/marinedelivers.com\/fr\/wp-json\/wp\/v2\/pages\/2696","targetHints":{"allow":["GET"]}}],"collection":[{"href":"https:\/\/marinedelivers.com\/fr\/wp-json\/wp\/v2\/pages"}],"about":[{"href":"https:\/\/marinedelivers.com\/fr\/wp-json\/wp\/v2\/types\/page"}],"author":[{"embeddable":true,"href":"https:\/\/marinedelivers.com\/fr\/wp-json\/wp\/v2\/users\/3"}],"replies":[{"embeddable":true,"href":"https:\/\/marinedelivers.com\/fr\/wp-json\/wp\/v2\/comments?post=2696"}],"version-history":[{"count":6,"href":"https:\/\/marinedelivers.com\/fr\/wp-json\/wp\/v2\/pages\/2696\/revisions"}],"predecessor-version":[{"id":4987,"href":"https:\/\/marinedelivers.com\/fr\/wp-json\/wp\/v2\/pages\/2696\/revisions\/4987"}],"wp:attachment":[{"href":"https:\/\/marinedelivers.com\/fr\/wp-json\/wp\/v2\/media?parent=2696"}],"curies":[{"name":"wp","href":"https:\/\/api.w.org\/{rel}","templated":true}]}}