{"id":2692,"date":"2023-07-20T14:22:10","date_gmt":"2023-07-20T18:22:10","guid":{"rendered":"http:\/\/localhost:10089\/?page_id=2692"},"modified":"2025-08-21T10:37:35","modified_gmt":"2025-08-21T14:37:35","slug":"transport-maritime-dans-larctique","status":"publish","type":"page","link":"https:\/\/marinedelivers.com\/fr\/shipping\/transport-maritime-dans-larctique\/","title":{"rendered":"Transport maritime dans l\u2019Arctique"},"content":{"rendered":"\n<div class=\"wp-block-columns is-layout-flex wp-container-core-columns-is-layout-9d6595d7 wp-block-columns-is-layout-flex\">\n<div class=\"wp-block-column is-layout-flow wp-block-column-is-layout-flow\" style=\"flex-basis:70%\">\n<h3 class=\"wp-block-heading\">L\u2019Arctique repr\u00e9sente plus de 40 % du territoire canadien et abrite plus de 100 000 Canadiens. Il constitue une part essentielle de l\u2019identit\u00e9 nationale du Canada et est une r\u00e9gion d\u2019importance croissante \u00e0 l\u2019\u00e9chelle internationale.<\/h3>\n\n\n\n<p>La majorit\u00e9 des Canadiens vivant le long de l\u2019Arctique d\u00e9pendent du transport maritime (le Service de la flotte scell\u00e9e) pour acheminer les biens essentiels \u00e0 leur communaut\u00e9, de la nourriture et du carburant aux v\u00e9hicules et mat\u00e9riaux de construction. Les achats importants, comme le bois pour r\u00e9nover une maison, un nouveau v\u00e9hicule pour la famille ou un guichet automatique bancaire pour un village, d\u00e9pendent tous de la p\u00e9riode de livraison du Service de la flotte scell\u00e9e. Les projets de ressources dans l\u2019Arctique comptent aussi sur le transport maritime pour livrer l\u2019\u00e9quipement, le carburant et les fournitures, ainsi que pour acheminer leurs produits vers le march\u00e9. Gr\u00e2ce aux services qu\u2019ils offrent, les membres du CMC jouent un r\u00f4le crucial dans la vie quotidienne des Canadiens du Nord et dans le d\u00e9veloppement \u00e9conomique de la r\u00e9gion.<\/p>\n\n\n\n<figure class=\"wp-block-image alignfull size-large onScroll\"><img loading=\"lazy\" decoding=\"async\" width=\"1024\" height=\"576\" src=\"http:\/\/marinedelivers.com\/wp-content\/uploads\/2023\/07\/NM-Nordika-Desgagnes-copy-1024x576.jpg\" alt=\"\" class=\"wp-image-830\" srcset=\"https:\/\/marinedelivers.com\/wp-content\/uploads\/2023\/07\/NM-Nordika-Desgagnes-copy-1024x576.jpg 1024w, https:\/\/marinedelivers.com\/wp-content\/uploads\/2023\/07\/NM-Nordika-Desgagnes-copy-300x169.jpg 300w, https:\/\/marinedelivers.com\/wp-content\/uploads\/2023\/07\/NM-Nordika-Desgagnes-copy-768x432.jpg 768w, https:\/\/marinedelivers.com\/wp-content\/uploads\/2023\/07\/NM-Nordika-Desgagnes-copy-1536x864.jpg 1536w, https:\/\/marinedelivers.com\/wp-content\/uploads\/2023\/07\/NM-Nordika-Desgagnes-copy-2048x1152.jpg 2048w\" sizes=\"auto, (max-width: 1024px) 100vw, 1024px\" \/><\/figure>\n\n\n\n<div style=\"height:5vh\" aria-hidden=\"true\" class=\"wp-block-spacer\"><\/div>\n\n\n\n<h2 class=\"wp-block-heading onScroll\">Transport maritime responsable<\/h2>\n\n\n\n<p>Les navires canadiens qui acheminent des denr\u00e9es essentielles aux communaut\u00e9s arctiques empruntent les canaux situ\u00e9s entre les \u00eeles dont la profondeur varie de moins de 100 m \u00e0 pr\u00e8s de 600 m dans la partie est de Lancaster Sound. Ces navires modernes qui approvisionnent l\u2019Arctique vont des navires-citernes qui transportent le carburant aux diff\u00e9rents types de navires-cargo. Ces navires sont munis des syst\u00e8mes de navigation et de communication \u00e9lectroniques, de l\u2019\u00e9quipement de s\u00e9curit\u00e9 et de l\u2019\u00e9quipement de manutention des cargaisons les plus modernes qui soient.<\/p>\n\n\n\n<p>L\u2019Arctique et son environnement n\u2019ont aucun secret pour les \u00e9quipages canadiens \u2013 incluant les saisons sensibles o\u00f9 l\u2019on pratique la chasse et la p\u00eache, les zones de protection marine et, \u00e9videmment, la m\u00e9t\u00e9o. Une autre caract\u00e9ristique particuli\u00e8re du transport maritime dans l\u2019Arctique concerne l\u2019absence de ports au sein des diff\u00e9rentes communaut\u00e9s. La livraison des marchandises s\u2019effectue alors qu\u2019un navire d\u00e9charge sa marchandise sur des barges qui les am\u00e8nent ensuite sur une plage ou sur le rivage. Il arrive souvent que les barges parcourent une distance de quelque deux kilom\u00e8tres qui les s\u00e9pare du rivage. La distance varie en fonction de la profondeur de l\u2019eau, puisque le navire doit flotter sur une profondeur minimale pour des raisons de s\u00e9curit\u00e9. Les \u00e9quipages locaux \u00e0 bord des barges et l\u2019\u00e9quipage du navire jouent un r\u00f4le important lorsqu\u2019il s\u2019agit d\u2019assurer la livraison s\u00e9curitaire des marchandises.<\/p>\n\n\n\n<figure class=\"wp-block-image alignfull size-full onScroll\"><img loading=\"lazy\" decoding=\"async\" width=\"1024\" height=\"768\" src=\"http:\/\/marinedelivers.com\/wp-content\/uploads\/2023\/07\/Desgagnes-Arctic-1024x768-1.jpg\" alt=\"\" class=\"wp-image-832\" srcset=\"https:\/\/marinedelivers.com\/wp-content\/uploads\/2023\/07\/Desgagnes-Arctic-1024x768-1.jpg 1024w, https:\/\/marinedelivers.com\/wp-content\/uploads\/2023\/07\/Desgagnes-Arctic-1024x768-1-300x225.jpg 300w, https:\/\/marinedelivers.com\/wp-content\/uploads\/2023\/07\/Desgagnes-Arctic-1024x768-1-768x576.jpg 768w\" sizes=\"auto, (max-width: 1024px) 100vw, 1024px\" \/><\/figure>\n\n\n\n<div style=\"height:5vh\" aria-hidden=\"true\" class=\"wp-block-spacer\"><\/div>\n\n\n\n<h2 class=\"wp-block-heading onScroll\">Soutien du d\u00e9veloppement \u00e9conomique<\/h2>\n\n\n\n<p class=\"onScroll\">En plus d\u2019approvisionner les communaut\u00e9s, les navires canadiens offrent des services essentiels aux projets de ressources dans l\u2019Arctique. Ces projets jouent un r\u00f4le de premier plan dans le d\u00e9veloppement \u00e9conomique et lorsqu\u2019il s\u2019agit de procurer des emplois au sein des communaut\u00e9s arctiques.<\/p>\n\n\n\n<div class=\"wp-block-columns is-layout-flex wp-container-core-columns-is-layout-9d6595d7 wp-block-columns-is-layout-flex\">\n<div class=\"wp-block-column is-layout-flow wp-block-column-is-layout-flow\">\n<figure class=\"wp-block-image size-large onScroll\"><img loading=\"lazy\" decoding=\"async\" width=\"1024\" height=\"768\" src=\"http:\/\/marinedelivers.com\/wp-content\/uploads\/2023\/07\/Lifting-Mobilisation-at-Becancour_Projet-Meliadine_Juin-2017-copy-1024x768.jpg\" alt=\"\" class=\"wp-image-836\" srcset=\"https:\/\/marinedelivers.com\/wp-content\/uploads\/2023\/07\/Lifting-Mobilisation-at-Becancour_Projet-Meliadine_Juin-2017-copy-1024x768.jpg 1024w, https:\/\/marinedelivers.com\/wp-content\/uploads\/2023\/07\/Lifting-Mobilisation-at-Becancour_Projet-Meliadine_Juin-2017-copy-300x225.jpg 300w, https:\/\/marinedelivers.com\/wp-content\/uploads\/2023\/07\/Lifting-Mobilisation-at-Becancour_Projet-Meliadine_Juin-2017-copy-768x576.jpg 768w, https:\/\/marinedelivers.com\/wp-content\/uploads\/2023\/07\/Lifting-Mobilisation-at-Becancour_Projet-Meliadine_Juin-2017-copy-1536x1152.jpg 1536w, https:\/\/marinedelivers.com\/wp-content\/uploads\/2023\/07\/Lifting-Mobilisation-at-Becancour_Projet-Meliadine_Juin-2017-copy-2048x1536.jpg 2048w\" sizes=\"auto, (max-width: 1024px) 100vw, 1024px\" \/><figcaption class=\"wp-element-caption\">Participation de Desgagn\u00e9s aux projets miniers dans l\u2019Arctique<\/figcaption><\/figure>\n<\/div>\n\n\n\n<div class=\"wp-block-column is-layout-flow wp-block-column-is-layout-flow\">\n<figure class=\"wp-block-image size-large onScroll\"><img loading=\"lazy\" decoding=\"async\" width=\"1024\" height=\"768\" src=\"http:\/\/marinedelivers.com\/wp-content\/uploads\/2023\/07\/CRI-Installation-copy-1024x768.jpg\" alt=\"\" class=\"wp-image-834\" srcset=\"https:\/\/marinedelivers.com\/wp-content\/uploads\/2023\/07\/CRI-Installation-copy-1024x768.jpg 1024w, https:\/\/marinedelivers.com\/wp-content\/uploads\/2023\/07\/CRI-Installation-copy-300x225.jpg 300w, https:\/\/marinedelivers.com\/wp-content\/uploads\/2023\/07\/CRI-Installation-copy-768x576.jpg 768w, https:\/\/marinedelivers.com\/wp-content\/uploads\/2023\/07\/CRI-Installation-copy-1536x1152.jpg 1536w, https:\/\/marinedelivers.com\/wp-content\/uploads\/2023\/07\/CRI-Installation-copy-2048x1536.jpg 2048w\" sizes=\"auto, (max-width: 1024px) 100vw, 1024px\" \/><figcaption class=\"wp-element-caption\">L\u2019expertise canadienne de McKeil en action<\/figcaption><\/figure>\n<\/div>\n<\/div>\n\n\n\n<hr class=\"wp-block-separator has-alpha-channel-opacity\"\/>\n<\/div>\n<\/div>\n","protected":false},"excerpt":{"rendered":"<p>L\u2019Arctique repr\u00e9sente plus de 40 % du territoire canadien et&#8230;<\/p>\n","protected":false},"author":3,"featured_media":0,"parent":2690,"menu_order":0,"comment_status":"closed","ping_status":"closed","template":"","meta":{"_acf_changed":false,"footnotes":""},"class_list":["post-2692","page","type-page","status-publish","hentry"],"acf":{"title_subheading":"","title_content":"","title_button":""},"yoast_head":"<!-- This site is optimized with the Yoast SEO plugin v27.3 - https:\/\/yoast.com\/product\/yoast-seo-wordpress\/ -->\n<title>Transport maritime dans l\u2019Arctique - Chambre de Commerce Maritime<\/title>\n<meta name=\"robots\" content=\"index, follow, max-snippet:-1, max-image-preview:large, max-video-preview:-1\" \/>\n<link rel=\"canonical\" href=\"https:\/\/marinedelivers.com\/fr\/shipping\/transport-maritime-dans-larctique\/\" \/>\n<meta property=\"og:locale\" content=\"fr_FR\" \/>\n<meta property=\"og:type\" content=\"article\" \/>\n<meta property=\"og:title\" content=\"Transport maritime dans l\u2019Arctique - Chambre de Commerce Maritime\" \/>\n<meta property=\"og:description\" content=\"L\u2019Arctique repr\u00e9sente plus de 40 % du territoire canadien et...\" \/>\n<meta property=\"og:url\" content=\"https:\/\/marinedelivers.com\/fr\/shipping\/transport-maritime-dans-larctique\/\" \/>\n<meta property=\"og:site_name\" content=\"Chambre de Commerce Maritime\" \/>\n<meta property=\"article:publisher\" content=\"https:\/\/www.facebook.com\/MarineDelivers\/\" \/>\n<meta property=\"article:modified_time\" content=\"2025-08-21T14:37:35+00:00\" \/>\n<meta property=\"og:image\" content=\"https:\/\/marinedelivers.com\/wp-content\/uploads\/2023\/07\/NM-Nordika-Desgagnes-copy-scaled.jpg\" \/>\n\t<meta property=\"og:image:width\" content=\"2560\" \/>\n\t<meta property=\"og:image:height\" content=\"1440\" \/>\n\t<meta property=\"og:image:type\" content=\"image\/jpeg\" \/>\n<meta name=\"twitter:card\" content=\"summary_large_image\" \/>\n<meta name=\"twitter:site\" content=\"@marinedelivers\" \/>\n<meta name=\"twitter:label1\" content=\"Dur\u00e9e de lecture estim\u00e9e\" \/>\n\t<meta name=\"twitter:data1\" content=\"3 minutes\" \/>\n<script type=\"application\/ld+json\" class=\"yoast-schema-graph\">{\"@context\":\"https:\\\/\\\/schema.org\",\"@graph\":[{\"@type\":\"WebPage\",\"@id\":\"https:\\\/\\\/marinedelivers.com\\\/fr\\\/shipping\\\/transport-maritime-dans-larctique\\\/\",\"url\":\"https:\\\/\\\/marinedelivers.com\\\/fr\\\/shipping\\\/transport-maritime-dans-larctique\\\/\",\"name\":\"Transport maritime dans l\u2019Arctique - Chambre de Commerce Maritime\",\"isPartOf\":{\"@id\":\"https:\\\/\\\/marinedelivers.com\\\/fr\\\/#website\"},\"primaryImageOfPage\":{\"@id\":\"https:\\\/\\\/marinedelivers.com\\\/fr\\\/shipping\\\/transport-maritime-dans-larctique\\\/#primaryimage\"},\"image\":{\"@id\":\"https:\\\/\\\/marinedelivers.com\\\/fr\\\/shipping\\\/transport-maritime-dans-larctique\\\/#primaryimage\"},\"thumbnailUrl\":\"http:\\\/\\\/marinedelivers.com\\\/wp-content\\\/uploads\\\/2023\\\/07\\\/NM-Nordika-Desgagnes-copy-1024x576.jpg\",\"datePublished\":\"2023-07-20T18:22:10+00:00\",\"dateModified\":\"2025-08-21T14:37:35+00:00\",\"breadcrumb\":{\"@id\":\"https:\\\/\\\/marinedelivers.com\\\/fr\\\/shipping\\\/transport-maritime-dans-larctique\\\/#breadcrumb\"},\"inLanguage\":\"fr-FR\",\"potentialAction\":[{\"@type\":\"ReadAction\",\"target\":[\"https:\\\/\\\/marinedelivers.com\\\/fr\\\/shipping\\\/transport-maritime-dans-larctique\\\/\"]}]},{\"@type\":\"ImageObject\",\"inLanguage\":\"fr-FR\",\"@id\":\"https:\\\/\\\/marinedelivers.com\\\/fr\\\/shipping\\\/transport-maritime-dans-larctique\\\/#primaryimage\",\"url\":\"http:\\\/\\\/marinedelivers.com\\\/wp-content\\\/uploads\\\/2023\\\/07\\\/NM-Nordika-Desgagnes-copy-1024x576.jpg\",\"contentUrl\":\"http:\\\/\\\/marinedelivers.com\\\/wp-content\\\/uploads\\\/2023\\\/07\\\/NM-Nordika-Desgagnes-copy-1024x576.jpg\"},{\"@type\":\"BreadcrumbList\",\"@id\":\"https:\\\/\\\/marinedelivers.com\\\/fr\\\/shipping\\\/transport-maritime-dans-larctique\\\/#breadcrumb\",\"itemListElement\":[{\"@type\":\"ListItem\",\"position\":1,\"name\":\"Home\",\"item\":\"https:\\\/\\\/marinedelivers.com\\\/fr\\\/\"},{\"@type\":\"ListItem\",\"position\":2,\"name\":\"Maritime 101\",\"item\":\"https:\\\/\\\/staging.marinedelivers.com\\\/fr\\\/shipping\\\/\"},{\"@type\":\"ListItem\",\"position\":3,\"name\":\"Transport maritime dans l\u2019Arctique\"}]},{\"@type\":\"WebSite\",\"@id\":\"https:\\\/\\\/marinedelivers.com\\\/fr\\\/#website\",\"url\":\"https:\\\/\\\/marinedelivers.com\\\/fr\\\/\",\"name\":\"Chambre de Commerce Maritime\",\"description\":\"Marine delivers our exports to the world\",\"publisher\":{\"@id\":\"https:\\\/\\\/marinedelivers.com\\\/fr\\\/#organization\"},\"potentialAction\":[{\"@type\":\"SearchAction\",\"target\":{\"@type\":\"EntryPoint\",\"urlTemplate\":\"https:\\\/\\\/marinedelivers.com\\\/fr\\\/?s={search_term_string}\"},\"query-input\":{\"@type\":\"PropertyValueSpecification\",\"valueRequired\":true,\"valueName\":\"search_term_string\"}}],\"inLanguage\":\"fr-FR\"},{\"@type\":\"Organization\",\"@id\":\"https:\\\/\\\/marinedelivers.com\\\/fr\\\/#organization\",\"name\":\"Chamber of Marine Commerce\",\"url\":\"https:\\\/\\\/marinedelivers.com\\\/fr\\\/\",\"logo\":{\"@type\":\"ImageObject\",\"inLanguage\":\"fr-FR\",\"@id\":\"https:\\\/\\\/marinedelivers.com\\\/fr\\\/#\\\/schema\\\/logo\\\/image\\\/\",\"url\":\"http:\\\/\\\/marinedelivers.com\\\/wp-content\\\/uploads\\\/2023\\\/07\\\/cmc-logo.svg\",\"contentUrl\":\"http:\\\/\\\/marinedelivers.com\\\/wp-content\\\/uploads\\\/2023\\\/07\\\/cmc-logo.svg\",\"width\":1,\"height\":1,\"caption\":\"Chamber of Marine Commerce\"},\"image\":{\"@id\":\"https:\\\/\\\/marinedelivers.com\\\/fr\\\/#\\\/schema\\\/logo\\\/image\\\/\"},\"sameAs\":[\"https:\\\/\\\/www.facebook.com\\\/MarineDelivers\\\/\",\"https:\\\/\\\/x.com\\\/marinedelivers\"]}]}<\/script>\n<!-- \/ Yoast SEO plugin. -->","yoast_head_json":{"title":"Transport maritime dans l\u2019Arctique - Chambre de Commerce Maritime","robots":{"index":"index","follow":"follow","max-snippet":"max-snippet:-1","max-image-preview":"max-image-preview:large","max-video-preview":"max-video-preview:-1"},"canonical":"https:\/\/marinedelivers.com\/fr\/shipping\/transport-maritime-dans-larctique\/","og_locale":"fr_FR","og_type":"article","og_title":"Transport maritime dans l\u2019Arctique - Chambre de Commerce Maritime","og_description":"L\u2019Arctique repr\u00e9sente plus de 40 % du territoire canadien et...","og_url":"https:\/\/marinedelivers.com\/fr\/shipping\/transport-maritime-dans-larctique\/","og_site_name":"Chambre de Commerce Maritime","article_publisher":"https:\/\/www.facebook.com\/MarineDelivers\/","article_modified_time":"2025-08-21T14:37:35+00:00","og_image":[{"width":2560,"height":1440,"url":"https:\/\/marinedelivers.com\/wp-content\/uploads\/2023\/07\/NM-Nordika-Desgagnes-copy-scaled.jpg","type":"image\/jpeg"}],"twitter_card":"summary_large_image","twitter_site":"@marinedelivers","twitter_misc":{"Dur\u00e9e de lecture estim\u00e9e":"3 minutes"},"schema":{"@context":"https:\/\/schema.org","@graph":[{"@type":"WebPage","@id":"https:\/\/marinedelivers.com\/fr\/shipping\/transport-maritime-dans-larctique\/","url":"https:\/\/marinedelivers.com\/fr\/shipping\/transport-maritime-dans-larctique\/","name":"Transport maritime dans l\u2019Arctique - Chambre de Commerce Maritime","isPartOf":{"@id":"https:\/\/marinedelivers.com\/fr\/#website"},"primaryImageOfPage":{"@id":"https:\/\/marinedelivers.com\/fr\/shipping\/transport-maritime-dans-larctique\/#primaryimage"},"image":{"@id":"https:\/\/marinedelivers.com\/fr\/shipping\/transport-maritime-dans-larctique\/#primaryimage"},"thumbnailUrl":"http:\/\/marinedelivers.com\/wp-content\/uploads\/2023\/07\/NM-Nordika-Desgagnes-copy-1024x576.jpg","datePublished":"2023-07-20T18:22:10+00:00","dateModified":"2025-08-21T14:37:35+00:00","breadcrumb":{"@id":"https:\/\/marinedelivers.com\/fr\/shipping\/transport-maritime-dans-larctique\/#breadcrumb"},"inLanguage":"fr-FR","potentialAction":[{"@type":"ReadAction","target":["https:\/\/marinedelivers.com\/fr\/shipping\/transport-maritime-dans-larctique\/"]}]},{"@type":"ImageObject","inLanguage":"fr-FR","@id":"https:\/\/marinedelivers.com\/fr\/shipping\/transport-maritime-dans-larctique\/#primaryimage","url":"http:\/\/marinedelivers.com\/wp-content\/uploads\/2023\/07\/NM-Nordika-Desgagnes-copy-1024x576.jpg","contentUrl":"http:\/\/marinedelivers.com\/wp-content\/uploads\/2023\/07\/NM-Nordika-Desgagnes-copy-1024x576.jpg"},{"@type":"BreadcrumbList","@id":"https:\/\/marinedelivers.com\/fr\/shipping\/transport-maritime-dans-larctique\/#breadcrumb","itemListElement":[{"@type":"ListItem","position":1,"name":"Home","item":"https:\/\/marinedelivers.com\/fr\/"},{"@type":"ListItem","position":2,"name":"Maritime 101","item":"https:\/\/staging.marinedelivers.com\/fr\/shipping\/"},{"@type":"ListItem","position":3,"name":"Transport maritime dans l\u2019Arctique"}]},{"@type":"WebSite","@id":"https:\/\/marinedelivers.com\/fr\/#website","url":"https:\/\/marinedelivers.com\/fr\/","name":"Chambre de Commerce Maritime","description":"Marine delivers our exports to the world","publisher":{"@id":"https:\/\/marinedelivers.com\/fr\/#organization"},"potentialAction":[{"@type":"SearchAction","target":{"@type":"EntryPoint","urlTemplate":"https:\/\/marinedelivers.com\/fr\/?s={search_term_string}"},"query-input":{"@type":"PropertyValueSpecification","valueRequired":true,"valueName":"search_term_string"}}],"inLanguage":"fr-FR"},{"@type":"Organization","@id":"https:\/\/marinedelivers.com\/fr\/#organization","name":"Chamber of Marine Commerce","url":"https:\/\/marinedelivers.com\/fr\/","logo":{"@type":"ImageObject","inLanguage":"fr-FR","@id":"https:\/\/marinedelivers.com\/fr\/#\/schema\/logo\/image\/","url":"http:\/\/marinedelivers.com\/wp-content\/uploads\/2023\/07\/cmc-logo.svg","contentUrl":"http:\/\/marinedelivers.com\/wp-content\/uploads\/2023\/07\/cmc-logo.svg","width":1,"height":1,"caption":"Chamber of Marine Commerce"},"image":{"@id":"https:\/\/marinedelivers.com\/fr\/#\/schema\/logo\/image\/"},"sameAs":["https:\/\/www.facebook.com\/MarineDelivers\/","https:\/\/x.com\/marinedelivers"]}]}},"_links":{"self":[{"href":"https:\/\/marinedelivers.com\/fr\/wp-json\/wp\/v2\/pages\/2692","targetHints":{"allow":["GET"]}}],"collection":[{"href":"https:\/\/marinedelivers.com\/fr\/wp-json\/wp\/v2\/pages"}],"about":[{"href":"https:\/\/marinedelivers.com\/fr\/wp-json\/wp\/v2\/types\/page"}],"author":[{"embeddable":true,"href":"https:\/\/marinedelivers.com\/fr\/wp-json\/wp\/v2\/users\/3"}],"replies":[{"embeddable":true,"href":"https:\/\/marinedelivers.com\/fr\/wp-json\/wp\/v2\/comments?post=2692"}],"version-history":[{"count":3,"href":"https:\/\/marinedelivers.com\/fr\/wp-json\/wp\/v2\/pages\/2692\/revisions"}],"predecessor-version":[{"id":4772,"href":"https:\/\/marinedelivers.com\/fr\/wp-json\/wp\/v2\/pages\/2692\/revisions\/4772"}],"up":[{"embeddable":true,"href":"https:\/\/marinedelivers.com\/fr\/wp-json\/wp\/v2\/pages\/2690"}],"wp:attachment":[{"href":"https:\/\/marinedelivers.com\/fr\/wp-json\/wp\/v2\/media?parent=2692"}],"curies":[{"name":"wp","href":"https:\/\/api.w.org\/{rel}","templated":true}]}}